{"id":487,"date":"2024-10-03T17:32:34","date_gmt":"2024-10-03T15:32:34","guid":{"rendered":"http:\/\/localhost:8888\/?page_id=487"},"modified":"2025-12-12T16:27:25","modified_gmt":"2025-12-12T15:27:25","slug":"cameras","status":"publish","type":"page","link":"https:\/\/frenchsystemes.fr\/?page_id=487","title":{"rendered":"Cam\u00e9ras"},"content":{"rendered":"<div class=\"brz brz-root__container brz-reset-all brz-root__container-page\" >\n<section id=\"bFqbr3l8sW8c_bFqbr3l8sW8c\" class=\"brz-section brz-css-d-section brz-css-1efq4dj\">\n<div class=\"brz-section__content brz-section--boxed brz-css-d-sectionitem-bg brz-css-31pgp9\" data-brz-custom-id=\"p2C8qCxnWSjX\">\n<div class=\"brz-bg\">\n<div class=\"brz-bg-color\"><\/div>\n<\/div>\n<div class=\"brz-container brz-css-d-sectionitem-container brz-css-ohlg0v\">\n<div class=\"brz-row__container brz-css-d-row-row brz-css-14onv3a\" data-brz-custom-id=\"rgyLkEjpkmws\">\n<div class=\"brz-row brz-css-d-row-container brz-css-1lveb7h\">\n<div class=\"brz-columns brz-css-d-column-column brz-css-hswtov\" data-brz-custom-id=\"rOkiJjZ0zlNL\">\n<div class=\"brz-column__items brz-css-d-column-bg brz-css-1knp5yl\">\n<div id=\"\" class=\"brz-css-d-wrapper brz-css-1t9rai1 brz-wrapper\">\n<div class=\"brz-rich-text brz-rich-text__custom brz-css-d-richtext brz-css-ibowd8\" data-brz-custom-id=\"ua2IyVa_xKBd\">\n<div data-brz-translate-text=\"1\">\n<h2 class=\"brz-lh-lg-1_3 brz-ls-lg-m_1_5 brz-fw-lg-700 brz-fs-lg-36 brz-ff-overpass brz-fsft-lg-0 brz-fwdth-lg-100 brz-vfw-lg-400 brz-fss-lg-px brz-ft-google brz-tp-lg-heading2 brz-css-ros0r\" data-uniq-id=\"qSW2L\" data-generated-css=\"brz-css-bgHol\">Kit de vid\u00e9osurveillance<\/h2>\n<\/div>\n<\/div>\n<\/div>\n<div id=\"\" class=\"brz-css-d-wrapper brz-css-ntx0x5 brz-wrapper\">\n<div class=\"brz-carousel brz-css-d-carousel brz-css-1pdn4zs\" data-brz-custom-id=\"g2LCwZdCHPtW\">\n<div class=\"brz-carousel__slider\" data-slides-to-show=\"1\" data-slides-to-scroll=\"1\" data-arrows=\"true\" data-dots=\"true\" data-dots-class=\"brz-slick-slider__dots brz-slick-slider__dots--circle\" data-auto-play=\"false\" data-auto-play-speed=\"3000\" data-swipe=\"true\" data-fade=\"false\" data-transition-speed=\"3.5\" data-responsive=\"%5B%7B%22breakpoint%22%3A991%2C%22settings%22%3A%7B%22slidesToShow%22%3A2%2C%22slidesToScroll%22%3A1%7D%7D%2C%7B%22breakpoint%22%3A767%2C%22settings%22%3A%7B%22slidesToShow%22%3A1%2C%22slidesToScroll%22%3A1%7D%7D%5D\">\n<div class=\"brz-carousel__item\">\n<div class=\"brz-columns brz-css-d-column-column brz-css-r-column-column brz-css-1myswfl\" data-brz-custom-id=\"gJglME4dHYx0\">\n<div class=\"brz-column__items brz-css-d-column-bg brz-css-1cxlbkt\">\n<div id=\"\" class=\"brz-css-d-wrapper brz-css-1xkt5z3 brz-wrapper\">\n<div class=\"brz-image brz-css-d-image-orfod0_l3eqa-parent brz-css-1hqbzvl\" data-brz-custom-id=\"orfoD0_l3Eqa\"><picture class=\"brz-picture brz-d-block brz-p-relative brz-css-d-image-orfod0_l3eqa-picture brz-css-zfuq2u\"><source srcset=\"https:\/\/frenchsystemes.fr\/?brizy_media=wp-5e90afb72efd41a19b795a561f6b42bd.png&amp;brizy_crop=iW%3D599%26iH%3D421%26oX%3D18%26oY%3D0%26cW%3D563%26cH%3D421 1x, https:\/\/frenchsystemes.fr\/?brizy_media=wp-5e90afb72efd41a19b795a561f6b42bd.png&amp;brizy_crop=iW%3D1198%26iH%3D842%26oX%3D36%26oY%3D0%26cW%3D1126%26cH%3D842 2x\" media=\"(min-width: 992px)\"><source srcset=\"https:\/\/frenchsystemes.fr\/?brizy_media=wp-5e90afb72efd41a19b795a561f6b42bd.png&amp;brizy_crop=iW%3D213%26iH%3D149%26oX%3D6%26oY%3D0%26cW%3D200%26cH%3D149 1x, https:\/\/frenchsystemes.fr\/?brizy_media=wp-5e90afb72efd41a19b795a561f6b42bd.png&amp;brizy_crop=iW%3D426%26iH%3D298%26oX%3D12%26oY%3D0%26cW%3D400%26cH%3D298 2x\" media=\"(min-width: 768px)\"><img decoding=\"async\" class=\"brz-img\" srcset=\"https:\/\/frenchsystemes.fr\/?brizy_media=wp-5e90afb72efd41a19b795a561f6b42bd.png&amp;brizy_crop=iW%3D270%26iH%3D190%26oX%3D8%26oY%3D0%26cW%3D254%26cH%3D190 1x, https:\/\/frenchsystemes.fr\/?brizy_media=wp-5e90afb72efd41a19b795a561f6b42bd.png&amp;brizy_crop=iW%3D540%26iH%3D380%26oX%3D16%26oY%3D0%26cW%3D508%26cH%3D380 2x\" src=\"https:\/\/frenchsystemes.fr\/?brizy_media=wp-5e90afb72efd41a19b795a561f6b42bd.png&amp;brizy_crop=iW%3D599%26iH%3D421%26oX%3D18%26oY%3D0%26cW%3D563%26cH%3D421\" loading=\"lazy\" alt=\"{{brizy_dc_image_alt imageSrc=\"wp-5e90afb72efd41a19b795a561f6b42bd.png\"}}\" title=\"\" draggable=\"false\"><\/picture><\/div>\n<\/div>\n<\/div>\n<\/div>\n<\/div>\n<div class=\"brz-carousel__item\">\n<div class=\"brz-columns brz-css-d-column-column brz-css-r-column-column brz-css-jel947\" data-brz-custom-id=\"gp9WDdkaEIyx\">\n<div class=\"brz-column__items brz-css-d-column-bg brz-css-1ve8gdh\">\n<div id=\"\" class=\"brz-css-d-wrapper brz-css-wtunng brz-wrapper\">\n<div class=\"brz-image brz-css-d-image-obupxgddl4ha-parent brz-css-7stkoq\" data-brz-custom-id=\"obupXGdDl4HA\"><picture class=\"brz-picture brz-d-block brz-p-relative brz-css-d-image-obupxgddl4ha-picture brz-css-112qe0r\"><source srcset=\"https:\/\/frenchsystemes.fr\/?brizy_media=wp-b0b19db19ca920b1a66f4a69b7e935ba.png&amp;brizy_crop=iW%3D563%26iH%3D563%26oX%3D0%26oY%3D70%26cW%3D563%26cH%3D423 1x, https:\/\/frenchsystemes.fr\/?brizy_media=wp-b0b19db19ca920b1a66f4a69b7e935ba.png&amp;brizy_crop=iW%3D1126%26iH%3D1126%26oX%3D0%26oY%3D140%26cW%3D1126%26cH%3D846 2x\" media=\"(min-width: 992px)\"><source srcset=\"https:\/\/frenchsystemes.fr\/?brizy_media=wp-b0b19db19ca920b1a66f4a69b7e935ba.png&amp;brizy_crop=iW%3D200%26iH%3D200%26oX%3D0%26oY%3D25%26cW%3D200%26cH%3D150 1x, https:\/\/frenchsystemes.fr\/?brizy_media=wp-b0b19db19ca920b1a66f4a69b7e935ba.png&amp;brizy_crop=iW%3D400%26iH%3D400%26oX%3D0%26oY%3D50%26cW%3D400%26cH%3D300 2x\" media=\"(min-width: 768px)\"><img decoding=\"async\" class=\"brz-img\" srcset=\"https:\/\/frenchsystemes.fr\/?brizy_media=wp-b0b19db19ca920b1a66f4a69b7e935ba.png&amp;brizy_crop=iW%3D254%26iH%3D254%26oX%3D0%26oY%3D32%26cW%3D254%26cH%3D190 1x, https:\/\/frenchsystemes.fr\/?brizy_media=wp-b0b19db19ca920b1a66f4a69b7e935ba.png&amp;brizy_crop=iW%3D508%26iH%3D508%26oX%3D0%26oY%3D64%26cW%3D508%26cH%3D380 2x\" src=\"https:\/\/frenchsystemes.fr\/?brizy_media=wp-b0b19db19ca920b1a66f4a69b7e935ba.png&amp;brizy_crop=iW%3D563%26iH%3D563%26oX%3D0%26oY%3D70%26cW%3D563%26cH%3D423\" loading=\"lazy\" alt=\"{{brizy_dc_image_alt imageSrc=\"wp-b0b19db19ca920b1a66f4a69b7e935ba.png\"}}\" title=\"\" draggable=\"false\"><\/picture><\/div>\n<\/div>\n<\/div>\n<\/div>\n<\/div>\n<div class=\"brz-carousel__item\">\n<div class=\"brz-columns brz-css-d-column-column brz-css-r-column-column brz-css-bbwrm0\" data-brz-custom-id=\"hhNEDRWsYRY3\">\n<div class=\"brz-column__items brz-css-d-column-bg brz-css-1g8n4fs\">\n<div id=\"\" class=\"brz-css-d-wrapper brz-css-1eef5z2 brz-wrapper\">\n<div class=\"brz-image brz-css-d-image-wzhanz7cjzoe-parent brz-css-1qmc9mn\" data-brz-custom-id=\"wZhaNZ7CjZOE\"><picture class=\"brz-picture brz-d-block brz-p-relative brz-css-d-image-wzhanz7cjzoe-picture brz-css-1se5b6v\"><source srcset=\"https:\/\/frenchsystemes.fr\/?brizy_media=wp-d1aa55598f773e5e3adadcfc84fca87f.png&amp;brizy_crop=iW%3D583%26iH%3D422%26oX%3D10%26oY%3D0%26cW%3D563%26cH%3D422 1x, https:\/\/frenchsystemes.fr\/?brizy_media=wp-d1aa55598f773e5e3adadcfc84fca87f.png&amp;brizy_crop=iW%3D1166%26iH%3D844%26oX%3D20%26oY%3D0%26cW%3D1126%26cH%3D844 2x\" media=\"(min-width: 992px)\"><source srcset=\"https:\/\/frenchsystemes.fr\/?brizy_media=wp-d1aa55598f773e5e3adadcfc84fca87f.png&amp;brizy_crop=iW%3D207%26iH%3D150%26oX%3D3%26oY%3D0%26cW%3D200%26cH%3D150 1x, https:\/\/frenchsystemes.fr\/?brizy_media=wp-d1aa55598f773e5e3adadcfc84fca87f.png&amp;brizy_crop=iW%3D414%26iH%3D300%26oX%3D6%26oY%3D0%26cW%3D400%26cH%3D300 2x\" media=\"(min-width: 768px)\"><img decoding=\"async\" class=\"brz-img\" srcset=\"https:\/\/frenchsystemes.fr\/?brizy_media=wp-d1aa55598f773e5e3adadcfc84fca87f.png&amp;brizy_crop=iW%3D262%26iH%3D190%26oX%3D4%26oY%3D0%26cW%3D254%26cH%3D190 1x, https:\/\/frenchsystemes.fr\/?brizy_media=wp-d1aa55598f773e5e3adadcfc84fca87f.png&amp;brizy_crop=iW%3D524%26iH%3D380%26oX%3D8%26oY%3D0%26cW%3D508%26cH%3D380 2x\" src=\"https:\/\/frenchsystemes.fr\/?brizy_media=wp-d1aa55598f773e5e3adadcfc84fca87f.png&amp;brizy_crop=iW%3D583%26iH%3D422%26oX%3D10%26oY%3D0%26cW%3D563%26cH%3D422\" loading=\"lazy\" alt=\"{{brizy_dc_image_alt imageSrc=\"wp-d1aa55598f773e5e3adadcfc84fca87f.png\"}}\" title=\"\" draggable=\"false\"><\/picture><\/div>\n<\/div>\n<\/div>\n<\/div>\n<\/div>\n<p><svg class=\"brz-icon-svg align-[initial] brz-hidden\"><use href=\"\/wp-content\/plugins\/brizy\/public\/editor-build\/prod\/editor\/icons\/editor\/right-arrow-thin.svg#brz_icon\"><\/use><\/svg><\/div>\n<\/div>\n<\/div>\n<div id=\"\" class=\"brz-css-d-wrapper brz-css-17qw6y2 brz-wrapper\">\n<div class=\"brz-rich-text brz-rich-text__custom brz-css-d-richtext brz-css-16xgl6j\" data-brz-custom-id=\"zmLRY04DdL0T\">\n<div data-brz-translate-text=\"1\">\n<p class=\"brz-tp-lg-paragraph brz-css-x4XMQ\" data-uniq-id=\"teCOq\" data-generated-css=\"brz-css-kDS8G\"><span class=\"brz-cp-color7\">Ce <\/span><strong class=\"brz-cp-color7\">pack de vid\u00e9osurveillance<\/strong><span class=\"brz-cp-color7\"> propose une solution compl\u00e8te et efficace pour assurer la s\u00e9curit\u00e9 de vos espaces. Il comprend un enregistreur num\u00e9rique 8 voies et 8 cam\u00e9ras d\u00f4me HD de 2 MP, offrant une surveillance de haute qualit\u00e9. Les cam\u00e9ras sont aliment\u00e9es par la technologie POE via des c\u00e2bles Ethernet, garantissant une installation simplifi\u00e9e. Gr\u00e2ce \u00e0 leurs diodes infrarouges, elles assurent une vision nocturne jusqu&rsquo;\u00e0 30 m\u00e8tres, tout en \u00e9tant ultra-r\u00e9sistantes aux chocs et \u00e9tanches (IP67) pour une utilisation optimale par tous les temps, de jour comme de nuit.<\/span><\/p>\n<p class=\"brz-tp-lg-paragraph brz-css-jipky\" data-uniq-id=\"teCOq\" data-generated-css=\"brz-css-kDS8G\"><span class=\"brz-cp-color7\"> <\/span><\/p>\n<ul>\n<li class=\"brz-tp-lg-paragraph brz-css-ll_th\" data-uniq-id=\"mMQ3q\" data-generated-css=\"brz-css-iQh20\"><strong class=\"brz-cp-color7\">Enregistreur num\u00e9rique 8 voies<\/strong><span class=\"brz-cp-color7\"> : mod\u00e8le DS-7608NI-K2\/8P, capable de g\u00e9rer simultan\u00e9ment les flux vid\u00e9o de 8 cam\u00e9ras pour une surveillance centralis\u00e9e.<\/span><\/li>\n<li class=\"brz-tp-lg-paragraph brz-css-etXrZ\" data-uniq-id=\"yuTVL\" data-generated-css=\"brz-css-fnJiA\"><strong class=\"brz-cp-color7\">8 cam\u00e9ras d\u00f4me HD 2 MP<\/strong><span class=\"brz-cp-color7\"> : mod\u00e8le DS-2CD1723G0-IZ28, offrant une r\u00e9solution de haute qualit\u00e9 pour capturer des images d\u00e9taill\u00e9es.<\/span><\/li>\n<li class=\"brz-tp-lg-paragraph brz-css-nVNPA\" data-uniq-id=\"lzL76\" data-generated-css=\"brz-css-bsLzC\"><strong class=\"brz-cp-color7\">Vision nocturne jusqu\u2019\u00e0 30 m\u00e8tres<\/strong><span class=\"brz-cp-color7\"> : gr\u00e2ce aux diodes infrarouges int\u00e9gr\u00e9es dans chaque cam\u00e9ra, permettant une surveillance efficace m\u00eame dans l\u2019obscurit\u00e9.<\/span><\/li>\n<li class=\"brz-tp-lg-paragraph brz-css-ouaWy\" data-uniq-id=\"oYH3d\" data-generated-css=\"brz-css-xupls\"><strong class=\"brz-cp-color7\">Alimentation par POE<\/strong><span class=\"brz-cp-color7\"> : les cam\u00e9ras sont aliment\u00e9es via les c\u00e2bles Ethernet, simplifiant l\u2019installation et r\u00e9duisant le besoin de prises \u00e9lectriques suppl\u00e9mentaires.<\/span><\/li>\n<li class=\"brz-tp-lg-paragraph brz-css-ffmWk\" data-uniq-id=\"fuv4s\" data-generated-css=\"brz-css-zRiRl\"><strong class=\"brz-cp-color7\">R\u00e9sistance aux intemp\u00e9ries<\/strong><span class=\"brz-cp-color7\"> : avec une certification IP67, les cam\u00e9ras sont con\u00e7ues pour r\u00e9sister aux conditions climatiques difficiles, garantissant une utilisation ext\u00e9rieure.<\/span><\/li>\n<li class=\"brz-tp-lg-paragraph brz-css-sCO58\" data-uniq-id=\"oKGM7\" data-generated-css=\"brz-css-gnSdi\"><strong class=\"brz-cp-color7\">C\u00e2bles Ethernet de 20 m\u00e8tres<\/strong><span class=\"brz-cp-color7\"> : fournis pour chaque cam\u00e9ra, permettant un raccordement direct \u00e0 l\u2019enregistreur pour une installation rapide.<\/span><\/li>\n<li class=\"brz-tp-lg-paragraph brz-css-urEux\" data-uniq-id=\"dCVaj\" data-generated-css=\"brz-css-tCFSz\"><strong class=\"brz-cp-color7\">Autocollant dissuasif<\/strong><span class=\"brz-cp-color7\"> : inclus pour signaler la pr\u00e9sence de vid\u00e9osurveillance, dissuadant ainsi d\u2019\u00e9ventuels intrus.<\/span><\/li>\n<li class=\"brz-tp-lg-paragraph brz-css-qmni2\" data-uniq-id=\"xBWWX\" data-generated-css=\"brz-css-kziQ5\"><strong class=\"brz-cp-color7\">Alimentation pour tous les appareils<\/strong><span class=\"brz-cp-color7\"> : comprend une source d\u2019alimentation s\u00e9curis\u00e9e pour assurer le fonctionnement continu du syst\u00e8me.<\/span><\/li>\n<li class=\"brz-tp-lg-paragraph brz-css-tsQGb\" data-uniq-id=\"x4MpJ\" data-generated-css=\"brz-css-qj6oU\"><strong class=\"brz-cp-color7\">Notice d\u2019utilisation<\/strong><span class=\"brz-cp-color7\"> : fournie pour guider l\u2019utilisateur dans l\u2019installation et le param\u00e9trage du syst\u00e8me de vid\u00e9osurveillance.<\/span><\/li>\n<\/ul>\n<p class=\"brz-tp-lg-paragraph brz-css-p4QkA\" data-uniq-id=\"yEngA\" data-generated-css=\"brz-css-fjlf8\"><\/p>\n<\/div>\n<\/div>\n<\/div>\n<\/div>\n<\/div>\n<\/div>\n<\/div>\n<\/div>\n<\/div>\n<\/section>\n<section id=\"epk7YU3DVnTQ_epk7YU3DVnTQ\" class=\"brz-section brz-css-d-section brz-css-it1o5f\">\n<div class=\"brz-section__content brz-section--boxed brz-css-d-sectionitem-bg brz-css-8q1kuf\" data-brz-custom-id=\"mQW1Cl5LW5kM\">\n<div class=\"brz-bg\">\n<div class=\"brz-bg-color\"><\/div>\n<\/div>\n<div class=\"brz-container brz-css-d-sectionitem-container brz-css-wvjdsb\">\n<div class=\"brz-row__container brz-css-d-row-row brz-css-11rh18j\" data-brz-custom-id=\"gxFSV1ko496o\">\n<div class=\"brz-row brz-css-d-row-container brz-css-r-row-container brz-css-1imjaaj\">\n<div class=\"brz-columns brz-css-d-column-column brz-css-1uo062l\" data-brz-custom-id=\"m2xTvv7Z8mfW\">\n<div class=\"brz-column__items brz-css-d-column-bg brz-css-woz5k2\">\n<div class=\"brz-wrapper-clone brz-flex-xs-wrap brz-css-d-cloneable brz-css-fugs04\" data-brz-custom-id=\"wnkM7vlX4bZD\"><a class=\"brz-a brz-btn brz-css-d-button brz-css-rfpazb brz-css-d-button-bg brz-css-2zc1m\" target=\"_self\" rel=\"noopener\" href=\"https:\/\/frenchsystemes.fr\/\" data-brz-link-type=\"page\" data-brz-custom-id=\"q6gbEJMOXMel\"><span data-brz-translate-text=\"1\" class=\"brz-span brz-text__editor\">Nos services<\/span><\/a><a class=\"brz-a brz-btn brz-css-d-button brz-css-ksehqc brz-css-d-button-bg brz-css-13ady81\" target=\"_self\" rel=\"noopener\" href=\"https:\/\/frenchsystemes.fr\/?page_id=235\" data-brz-link-type=\"page\" data-brz-custom-id=\"fjP1myj_0CeG\"><span data-brz-translate-text=\"1\" class=\"brz-span brz-text__editor\">Nos produits<\/span><\/a><a class=\"brz-a brz-btn brz-css-d-button brz-css-17ilvzc brz-css-d-button-bg brz-css-1999qjk\" target=\"_self\" rel=\"noopener\" data-brz-link-type=\"page\" data-brz-custom-id=\"bSb8Zgcws3r0\"><span data-brz-translate-text=\"1\" class=\"brz-span brz-text__editor\">\u00c0 propos<\/span><\/a><\/div>\n<\/div>\n<\/div>\n<\/div>\n<\/div>\n<div id=\"\" class=\"brz-css-d-wrapper brz-css-esbq8b brz-wrapper\">\n<div class=\"brz-rich-text brz-rich-text__custom brz-css-d-richtext brz-css-74r9p7\" data-brz-custom-id=\"vnA0UoBRI14W\">\n<div data-brz-translate-text=\"1\">\n<p class=\"brz-text-lg-center brz-tp-lg-paragraph brz-css-uv0Hh\" data-uniq-id=\"bSwcE\" data-generated-css=\"brz-css-hCGkO\"><span style=\"opacity: 0.6;\" class=\"brz-cp-color2\">French Syst\u00e8mes&nbsp;&nbsp;\u00a9 2023 <\/span><\/p>\n<\/div>\n<\/div>\n<\/div>\n<\/div>\n<\/div>\n<\/section><\/div>\n<p><!-- version:1765553245 --><\/p>\n","protected":false},"excerpt":{"rendered":"<p>Kit de vid\u00e9osurveillance Ce pack de vid\u00e9osurveillance propose une solution compl\u00e8te et efficace pour assurer la s\u00e9curit\u00e9 de vos espaces. Il comprend un enregistreur num\u00e9rique 8 voies et 8 cam\u00e9ras d\u00f4me HD de 2 MP, offrant une surveillance de haute qualit\u00e9. Les cam\u00e9ras sont aliment\u00e9es par la technologie POE via des c\u00e2bles Ethernet, garantissant une [&hellip;]<\/p>\n","protected":false},"author":1,"featured_media":0,"parent":0,"menu_order":0,"comment_status":"closed","ping_status":"closed","template":"brizy-blank-template.php","meta":{"footnotes":""},"class_list":["post-487","page","type-page","status-publish","hentry"],"brizy_media":[{"id":548,"url":"https:\/\/frenchsystemes.fr\/wp-content\/uploads\/2024\/10\/df9b49b34f974037b31d9c3393cf0858-removebg-preview.png","name":"df9b49b34f974037b31d9c3393cf0858-removebg-preview.png","meta":{"brizy_attachment_uid":"wp-b0b19db19ca920b1a66f4a69b7e935ba.png","brizy_post_uid":["2da28290e39ec2534e8b21d96500b364","41533dda8d066675300597e28f25725f"]}},{"id":681,"url":"https:\/\/frenchsystemes.fr\/wp-content\/uploads\/2024\/10\/Capture_d_ecran_2024-10-08_a_00.35.24-removebg-preview.png","name":"Capture_d_ecran_2024-10-08_a_00.35.24-removebg-preview.png","meta":{"brizy_attachment_uid":"wp-d1aa55598f773e5e3adadcfc84fca87f.png","brizy_post_uid":["41533dda8d066675300597e28f25725f"]}},{"id":687,"url":"https:\/\/frenchsystemes.fr\/wp-content\/uploads\/2024\/10\/Capture_d_ecran_2024-10-08_a_00.39.07-removebg-preview.png","name":"Capture_d_ecran_2024-10-08_a_00.39.07-removebg-preview.png","meta":{"brizy_attachment_uid":"wp-5e90afb72efd41a19b795a561f6b42bd.png","brizy_post_uid":["41533dda8d066675300597e28f25725f"]}}],"_links":{"self":[{"href":"https:\/\/frenchsystemes.fr\/index.php?rest_route=\/wp\/v2\/pages\/487","targetHints":{"allow":["GET"]}}],"collection":[{"href":"https:\/\/frenchsystemes.fr\/index.php?rest_route=\/wp\/v2\/pages"}],"about":[{"href":"https:\/\/frenchsystemes.fr\/index.php?rest_route=\/wp\/v2\/types\/page"}],"author":[{"embeddable":true,"href":"https:\/\/frenchsystemes.fr\/index.php?rest_route=\/wp\/v2\/users\/1"}],"replies":[{"embeddable":true,"href":"https:\/\/frenchsystemes.fr\/index.php?rest_route=%2Fwp%2Fv2%2Fcomments&post=487"}],"version-history":[{"count":5,"href":"https:\/\/frenchsystemes.fr\/index.php?rest_route=\/wp\/v2\/pages\/487\/revisions"}],"predecessor-version":[{"id":710,"href":"https:\/\/frenchsystemes.fr\/index.php?rest_route=\/wp\/v2\/pages\/487\/revisions\/710"}],"wp:attachment":[{"href":"https:\/\/frenchsystemes.fr\/index.php?rest_route=%2Fwp%2Fv2%2Fmedia&parent=487"}],"curies":[{"name":"wp","href":"https:\/\/api.w.org\/{rel}","templated":true}]}}