{"id":486,"date":"2024-10-03T17:32:34","date_gmt":"2024-10-03T15:32:34","guid":{"rendered":"http:\/\/localhost:8888\/?page_id=486"},"modified":"2025-12-13T21:52:50","modified_gmt":"2025-12-13T20:52:50","slug":"detecteurs-et-compteurs","status":"publish","type":"page","link":"https:\/\/frenchsystemes.fr\/?page_id=486","title":{"rendered":"D\u00e9tecteurs et compteurs"},"content":{"rendered":"\t\t<div data-elementor-type=\"wp-page\" data-elementor-id=\"486\" class=\"elementor elementor-486\" data-elementor-post-type=\"page\">\n\t\t\t\t<div class=\"elementor-element elementor-element-b096873 e-con-full e-flex e-con e-parent\" data-id=\"b096873\" data-element_type=\"container\">\n\t\t\t\t<div class=\"elementor-element elementor-element-7cb079c8 elementor-widget elementor-widget-text-editor\" data-id=\"7cb079c8\" data-element_type=\"widget\" data-widget_type=\"text-editor.default\">\n\t\t\t\t<div class=\"elementor-widget-container\">\n\t\t\t\t\t\t\t\t\t<div class=\"brz brz-root__container brz-reset-all brz-root__container-page\" ><section id=\"bbsEJtn2uGBc_bbsEJtn2uGBc\" class=\"brz-section brz-css-d-section brz-css-12s8zkd\"><div class=\"brz-section__content brz-section--boxed brz-css-d-sectionitem-bg brz-css-15h0ejr\" data-brz-custom-id=\"tRojwMVKFpkv\"><div class=\"brz-container brz-css-d-sectionitem-container brz-css-t36s09\"><div class=\"brz-row__container brz-css-d-row-row brz-css-1km4dqt\" data-brz-custom-id=\"vHuIuzhNcL0B\"><div class=\"brz-row brz-css-d-row-container brz-css-87nwfj\"><div class=\"brz-columns brz-css-d-column-column brz-css-vplpbm\" data-brz-custom-id=\"cQrkILVBkxHF\"><div class=\"brz-column__items brz-css-d-column-bg brz-css-1s97ctu\"><div id=\"\" class=\"brz-css-d-wrapper brz-css-chpqux brz-wrapper\"><div class=\"brz-rich-text brz-rich-text__custom brz-css-d-richtext brz-css-1jx5ww0\" data-brz-custom-id=\"wmRyhi9YOhT0\"><div data-brz-translate-text=\"1\"><h2 class=\"brz-tp-lg-heading2 brz-ft-google brz-fss-lg-px brz-vfw-lg-400 brz-fwdth-lg-100 brz-fsft-lg-0 brz-ff-overpass brz-fs-lg-36 brz-fw-lg-700 brz-ls-lg-m_1_5 brz-lh-lg-1_3 brz-css-svBms\" data-generated-css=\"brz-css-nYRfA\" data-uniq-id=\"rvcF_\">Machine \u00e0 compter les billets ST-1500<\/h2><\/div><\/div><\/div><div id=\"\" class=\"brz-css-d-wrapper brz-css-nwblp3 brz-wrapper\"><div class=\"brz-rich-text brz-rich-text__custom brz-css-d-richtext brz-css-t6i7wf\" data-brz-custom-id=\"jq2BcSIt6NPo\"><div data-brz-translate-text=\"1\"><p data-uniq-id=\"r4WYo\" data-generated-css=\"brz-css-gU1FX\" class=\"brz-tp-lg-paragraph brz-text-lg-justify brz-css-x5iA8\"><span class=\"brz-cp-color7\">Ce <\/span><strong class=\"brz-cp-color7\">compteur de billets<\/strong><span class=\"brz-cp-color7\"> est con\u00e7u pour r\u00e9pondre aux besoins de diverses devises \u00e0 travers le monde, en assurant un comptage pr\u00e9cis et s\u00e9curis\u00e9 gr\u00e2ce \u00e0 ses fonctionnalit\u00e9s de d\u00e9tection avanc\u00e9es (UV, MG, IR et DD). Le bouton \u00ab Ajouter \u00bb permet de suivre automatiquement le nombre total de billets \u00e0 chaque ex\u00e9cution, tandis que la fonction \u00ab Lot \u00bb facilite le comptage de lots sp\u00e9cifiques, avec arr\u00eat automatique d\u00e8s le nombre atteint. <\/span><\/p><p data-uniq-id=\"r4WYo\" data-generated-css=\"brz-css-gU1FX\" class=\"brz-tp-lg-paragraph brz-text-lg-justify brz-css-puYrx\"><span class=\"brz-cp-color7\">L&rsquo;appareil r\u00e9alise \u00e9galement une auto-inspection au d\u00e9marrage pour v\u00e9rifier tous les capteurs et circuits, garantissant une fiabilit\u00e9 optimale. En option, il peut \u00eatre \u00e9quip\u00e9 d&rsquo;un \u00e9cran externe, d\u2019un port de mise \u00e0 niveau USB, et d\u2019une fonction vocale pour une utilisation encore plus pratique.<\/span><\/p><\/div><\/div><\/div><\/div><\/div><div class=\"brz-columns brz-css-d-column-column brz-css-1k6ygo8\" data-brz-custom-id=\"fNl5HHIJBZuU\"><div class=\"brz-column__items brz-css-d-column-bg brz-css-151sl1p\"><div id=\"\" class=\"brz-css-d-wrapper brz-css-zcox98 brz-wrapper\"><div class=\"brz-image brz-css-d-image-dtbapjdzr065-parent brz-css-3qphub\" data-brz-custom-id=\"dTbAPjDzR065\"><picture class=\"brz-picture brz-d-block brz-p-relative brz-css-d-image-dtbapjdzr065-picture brz-css-rcx7hc\"><source srcset=\"https:\/\/frenchsystemes.fr\/wp-content\/uploads\/2024\/10\/Capture_d_ecran_2024-10-07_a_00.30.25-removebg-preview.png 1x, https:\/\/frenchsystemes.fr\/wp-content\/uploads\/2024\/10\/Capture_d_ecran_2024-10-07_a_00.30.25-removebg-preview.png 2x\" media=\"(min-width: 992px)\"><source srcset=\"https:\/\/frenchsystemes.fr\/wp-content\/uploads\/2024\/10\/Capture_d_ecran_2024-10-07_a_00.30.25-removebg-preview.png 1x, https:\/\/frenchsystemes.fr\/wp-content\/uploads\/2024\/10\/Capture_d_ecran_2024-10-07_a_00.30.25-removebg-preview.png 2x\" media=\"(min-width: 768px)\"><img decoding=\"async\" class=\"brz-img\" srcset=\"https:\/\/frenchsystemes.fr\/wp-content\/uploads\/2024\/10\/Capture_d_ecran_2024-10-07_a_00.30.25-removebg-preview.png 1x, https:\/\/frenchsystemes.fr\/wp-content\/uploads\/2024\/10\/Capture_d_ecran_2024-10-07_a_00.30.25-removebg-preview.png 2x\" src=\"https:\/\/frenchsystemes.fr\/wp-content\/uploads\/2024\/10\/Capture_d_ecran_2024-10-07_a_00.30.25-removebg-preview.png\" loading=\"lazy\" alt=\"{{brizy_dc_image_alt imageSrc=\"wp-434dab8fdae399dd314251343162e01a.png\"}}\" title=\"\" draggable=\"false\"><\/picture><\/div><\/div><\/div><\/div><\/div><\/div><\/div><\/div><\/section>\n    \n<section id=\"q391zbCFbrW8_q391zbCFbrW8\" class=\"brz-section brz-css-d-section brz-css-178jrfb\"><div class=\"brz-section__content brz-section--boxed brz-css-d-sectionitem-bg brz-css-s6pyp9\" data-brz-custom-id=\"f7zP03VWPA87\"><div class=\"brz-bg\"><div class=\"brz-bg-color\"><\/div><\/div><div class=\"brz-container brz-css-d-sectionitem-container brz-css-arse8z\"><div class=\"brz-row__container brz-css-d-row-row brz-css-zwdqg7\" data-brz-custom-id=\"dyXn7sEgjsK7\"><div class=\"brz-row brz-css-d-row-container brz-css-i0pn8x\"><div class=\"brz-columns brz-css-d-column-column brz-css-1nq053o\" data-brz-custom-id=\"qzC7DZt1Mqaw\"><div class=\"brz-column__items brz-css-d-column-bg brz-css-19t2mty\"><div id=\"\" class=\"brz-css-d-wrapper brz-css-18zsiv7 brz-wrapper\"><div class=\"brz-image brz-css-d-image-j6uuwh15grq0-parent brz-css-p2cmae\" data-brz-custom-id=\"j6UUWH15grQ0\"><picture class=\"brz-picture brz-d-block brz-p-relative brz-css-d-image-j6uuwh15grq0-picture brz-css-s7movs\"><source srcset=\"https:\/\/frenchsystemes.fr\/wp-content\/uploads\/2024\/10\/Capture_d_ecran_2024-10-08_a_00.30.47-removebg-preview.png 1x, https:\/\/frenchsystemes.fr\/wp-content\/uploads\/2024\/10\/Capture_d_ecran_2024-10-08_a_00.30.47-removebg-preview.png 2x\" media=\"(min-width: 992px)\"><source srcset=\"https:\/\/frenchsystemes.fr\/wp-content\/uploads\/2024\/10\/Capture_d_ecran_2024-10-08_a_00.30.47-removebg-preview.png 1x, https:\/\/frenchsystemes.fr\/wp-content\/uploads\/2024\/10\/Capture_d_ecran_2024-10-08_a_00.30.47-removebg-preview.png 2x\" media=\"(min-width: 768px)\"><img decoding=\"async\" class=\"brz-img\" srcset=\"https:\/\/frenchsystemes.fr\/wp-content\/uploads\/2024\/10\/Capture_d_ecran_2024-10-08_a_00.30.47-removebg-preview.png 1x, https:\/\/frenchsystemes.fr\/wp-content\/uploads\/2024\/10\/Capture_d_ecran_2024-10-08_a_00.30.47-removebg-preview.png 2x\" src=\"https:\/\/frenchsystemes.fr\/wp-content\/uploads\/2024\/10\/Capture_d_ecran_2024-10-08_a_00.30.47-removebg-preview.png\" loading=\"lazy\" alt=\"{{brizy_dc_image_alt imageSrc=\"wp-818c4e785b1a78b63431bf5155758140.png\"}}\" title=\"\" draggable=\"false\"><\/picture><\/div><\/div><\/div><\/div><div class=\"brz-columns brz-css-d-column-column brz-css-jsy2lr\" data-brz-custom-id=\"l87aDSAxD18P\"><div class=\"brz-column__items brz-css-d-column-bg brz-css-1d6giz1\"><div id=\"\" class=\"brz-css-d-wrapper brz-css-yc5d9n brz-wrapper\"><div class=\"brz-rich-text brz-rich-text__custom brz-css-d-richtext brz-css-1dch6ha\" data-brz-custom-id=\"qS2N9dB0psNl\"><div data-brz-translate-text=\"1\"><h2 class=\"brz-lh-lg-1_3 brz-ls-lg-m_1_5 brz-fw-lg-700 brz-fs-lg-36 brz-ff-overpass brz-fsft-lg-0 brz-fwdth-lg-100 brz-vfw-lg-400 brz-fss-lg-px brz-ft-google brz-tp-lg-heading2 brz-css-dN9fW\" data-uniq-id=\"yA2fA\" data-generated-css=\"brz-css-ik29q\">D\u00e9tecteur d&rsquo;argent Euros V65<\/h2><\/div><\/div><\/div><div id=\"\" class=\"brz-css-d-wrapper brz-css-q0xw9y brz-wrapper\"><div class=\"brz-rich-text brz-rich-text__custom brz-css-d-richtext brz-css-b56tcw\" data-brz-custom-id=\"e6ZPapQgsLac\"><div data-brz-translate-text=\"1\"><p class=\"brz-tp-lg-paragraph brz-text-lg-justify brz-css-d7TaV\" data-uniq-id=\"lwUXT\" data-generated-css=\"brz-css-eP30r\"><span class=\"brz-cp-color7\">Ce <\/span><strong class=\"brz-cp-color7\">d\u00e9tecteur de billets EUR<\/strong><span class=\"brz-cp-color7\"> est un appareil compact et pr\u00e9cis, \u00e9quip\u00e9 d&rsquo;un affichage LCD pour une lecture claire et d&rsquo;une fonction de d\u00e9tection avanc\u00e9e (UV, MG, IR, longueur, couleur) garantissant une s\u00e9curit\u00e9 maximale contre les faux billets. Sa structure rabattable facilite le nettoyage des capteurs, et son design permet le comptage dans 4 directions pour une grande simplicit\u00e9 d\u2019utilisation. Une alarme sonore se d\u00e9clenche lors de la d\u00e9tection de billets suspects, et un port USB offre des options de mise \u00e0 niveau et de collecte de donn\u00e9es. En option, une batterie lithium de 600 mAh est disponible pour une utilisation nomade.<\/span><\/p><\/div><\/div><\/div><\/div><\/div><\/div><\/div><\/div><\/div><\/section>\n    \n<section id=\"s9K5LSNktG_Y_s9K5LSNktG_Y\" class=\"brz-section brz-css-d-section brz-css-175qoac\"><div class=\"brz-section__content brz-section--boxed brz-css-d-sectionitem-bg brz-css-1djlus0\" data-brz-custom-id=\"jlmwkPhCWJ3v\"><div class=\"brz-bg\"><div class=\"brz-bg-color\"><\/div><\/div><div class=\"brz-container brz-css-d-sectionitem-container brz-css-1q238pa\"><div class=\"brz-row__container brz-css-d-row-row brz-css-oas300\" data-brz-custom-id=\"lWtZjvQhMb5y\"><div class=\"brz-row brz-css-d-row-container brz-css-r-row-container brz-css-oz9y7j\"><div class=\"brz-columns brz-css-d-column-column brz-css-1hfoxbk\" data-brz-custom-id=\"gt1yGXoCmcUP\"><div class=\"brz-column__items brz-css-d-column-bg brz-css-pfxho3\"><div class=\"brz-wrapper-clone brz-flex-xs-wrap brz-css-d-cloneable brz-css-t6hbw3\" data-brz-custom-id=\"tEZwx2ocLJMz\"><a class=\"brz-a brz-btn brz-css-d-button brz-css-4jc6rr brz-css-d-button-bg brz-css-1dx7m9w\" target=\"_self\" rel=\"noopener\" href=\"https:\/\/frenchsystemes.fr\/\" data-brz-link-type=\"page\" data-brz-custom-id=\"srgeI6n2T3TV\"><span data-brz-translate-text=\"1\" class=\"brz-span brz-text__editor\">Nos services<\/span><\/a><a class=\"brz-a brz-btn brz-css-d-button brz-css-15fzt87 brz-css-d-button-bg brz-css-1cme8o5\" target=\"_self\" rel=\"noopener\" href=\"https:\/\/frenchsystemes.fr\/?page_id=235\" data-brz-link-type=\"page\" data-brz-custom-id=\"ufFzbWd0HZN_\"><span data-brz-translate-text=\"1\" class=\"brz-span brz-text__editor\">Nos produits<\/span><\/a><a class=\"brz-a brz-btn brz-css-d-button brz-css-15p02bp brz-css-d-button-bg brz-css-fyhedg\" target=\"_self\" rel=\"noopener\" data-brz-link-type=\"page\" data-brz-custom-id=\"dakfaUgxVKd6\"><span data-brz-translate-text=\"1\" class=\"brz-span brz-text__editor\">\u00c0 propos<\/span><\/a><\/div><\/div><\/div><\/div><\/div><div id=\"\" class=\"brz-css-d-wrapper brz-css-fi7ekx brz-wrapper\"><div class=\"brz-rich-text brz-rich-text__custom brz-css-d-richtext brz-css-1xhkwzp\" data-brz-custom-id=\"oMw4JQf9rDvW\"><div data-brz-translate-text=\"1\"><p class=\"brz-text-lg-center brz-tp-lg-paragraph brz-css-xu4wi\" data-uniq-id=\"bSwcE\" data-generated-css=\"brz-css-hCGkO\"><span style=\"opacity: 0.6;\" class=\"brz-cp-color2\">French Syst\u00e8mes&nbsp;&nbsp;\u00a9 2023 <\/span><\/p><\/div><\/div><\/div><\/div><\/div><\/section>\n    <\/div><!-- version:1765656456 -->\t\t\t\t\t\t\t\t<\/div>\n\t\t\t\t<\/div>\n\t\t\t\t<\/div>\n\t\t\t\t<\/div>\n\t\t","protected":false},"excerpt":{"rendered":"<p>Machine \u00e0 compter les billets ST-1500 Ce compteur de billets est con\u00e7u pour r\u00e9pondre aux besoins de diverses devises \u00e0 travers le monde, en assurant un comptage pr\u00e9cis et s\u00e9curis\u00e9 gr\u00e2ce \u00e0 ses fonctionnalit\u00e9s de d\u00e9tection avanc\u00e9es (UV, MG, IR et DD). Le bouton \u00ab Ajouter \u00bb permet de suivre automatiquement le nombre total de [&hellip;]<\/p>\n","protected":false},"author":1,"featured_media":0,"parent":0,"menu_order":0,"comment_status":"closed","ping_status":"closed","template":"elementor_header_footer","meta":{"footnotes":""},"class_list":["post-486","page","type-page","status-publish","hentry"],"brizy_media":[{"id":547,"url":"https:\/\/frenchsystemes.fr\/wp-content\/uploads\/2024\/10\/Capture_d_ecran_2024-10-07_a_00.30.25-removebg-preview.png","name":"Capture_d_ecran_2024-10-07_a_00.30.25-removebg-preview.png","meta":{"brizy_attachment_uid":"wp-434dab8fdae399dd314251343162e01a.png","brizy_post_uid":["2da28290e39ec2534e8b21d96500b364","211199d13d94ecaefe9567768fd8f90e"]}},{"id":670,"url":"https:\/\/frenchsystemes.fr\/wp-content\/uploads\/2024\/10\/Capture_d_ecran_2024-10-08_a_00.30.47-removebg-preview.png","name":"Capture_d_ecran_2024-10-08_a_00.30.47-removebg-preview.png","meta":{"brizy_attachment_uid":"wp-818c4e785b1a78b63431bf5155758140.png","brizy_post_uid":["211199d13d94ecaefe9567768fd8f90e"]}}],"_links":{"self":[{"href":"https:\/\/frenchsystemes.fr\/index.php?rest_route=\/wp\/v2\/pages\/486","targetHints":{"allow":["GET"]}}],"collection":[{"href":"https:\/\/frenchsystemes.fr\/index.php?rest_route=\/wp\/v2\/pages"}],"about":[{"href":"https:\/\/frenchsystemes.fr\/index.php?rest_route=\/wp\/v2\/types\/page"}],"author":[{"embeddable":true,"href":"https:\/\/frenchsystemes.fr\/index.php?rest_route=\/wp\/v2\/users\/1"}],"replies":[{"embeddable":true,"href":"https:\/\/frenchsystemes.fr\/index.php?rest_route=%2Fwp%2Fv2%2Fcomments&post=486"}],"version-history":[{"count":9,"href":"https:\/\/frenchsystemes.fr\/index.php?rest_route=\/wp\/v2\/pages\/486\/revisions"}],"predecessor-version":[{"id":860,"href":"https:\/\/frenchsystemes.fr\/index.php?rest_route=\/wp\/v2\/pages\/486\/revisions\/860"}],"wp:attachment":[{"href":"https:\/\/frenchsystemes.fr\/index.php?rest_route=%2Fwp%2Fv2%2Fmedia&parent=486"}],"curies":[{"name":"wp","href":"https:\/\/api.w.org\/{rel}","templated":true}]}}