{"id":484,"date":"2024-10-03T17:32:34","date_gmt":"2024-10-03T15:32:34","guid":{"rendered":"http:\/\/localhost:8888\/?page_id=484"},"modified":"2025-12-15T01:10:17","modified_gmt":"2025-12-15T00:10:17","slug":"monnayeur","status":"publish","type":"page","link":"https:\/\/frenchsystemes.fr\/?page_id=484","title":{"rendered":"Monnayeur"},"content":{"rendered":"<div class=\"brz brz-root__container brz-reset-all brz-root__container-page\">\n<section id=\"z6L5aEwtdw8H_z6L5aEwtdw8H\" class=\"brz-section brz-css-d-section brz-css-vya1g2\">\n<div class=\"brz-section__content brz-section--boxed brz-css-d-sectionitem-bg brz-css-hun70c\" data-brz-custom-id=\"mGrHZQsmIvvm\">\n<div class=\"brz-container brz-css-d-sectionitem-container brz-css-bo5jpj\">\n<div class=\"brz-row__container brz-css-d-row-row brz-css-fkembm\" data-brz-custom-id=\"xXDy2_iTrf4Z\">\n<div class=\"brz-row brz-css-d-row-container brz-css-sfawxg\">\n<div class=\"brz-columns brz-css-d-column-column brz-css-qywark\" data-brz-custom-id=\"q73CIBFSUApX\">\n<div class=\"brz-column__items brz-css-d-column-bg brz-css-t1r4u9\">\n<div id=\"\" class=\"brz-css-d-wrapper brz-css-1rxo3n4 brz-wrapper\">\n<div class=\"brz-rich-text brz-rich-text__custom brz-css-d-richtext brz-css-1fzhv8x\" data-brz-custom-id=\"khGubXGKVImF\">\n<div data-brz-translate-text=\"1\">\n<h2 class=\"brz-lh-lg-1_3 brz-ls-lg-m_1_5 brz-fw-lg-700 brz-fs-lg-36 brz-ff-overpass brz-fsft-lg-0 brz-fwdth-lg-100 brz-vfw-lg-400 brz-fss-lg-px brz-ft-google brz-tp-lg-heading2 brz-css-lLAUt\" data-uniq-id=\"j0FbN\" data-generated-css=\"brz-css-vcv5x\"><span class=\"brz-cp-color7\">CK950 PRO<\/span><\/h2>\n<\/div>\n<\/div>\n<\/div>\n<div id=\"\" class=\"brz-css-d-wrapper brz-css-qy2289 brz-wrapper\">\n<div class=\"brz-rich-text brz-rich-text__custom brz-css-d-richtext brz-css-2i052r\" data-brz-custom-id=\"hQM7_S3wJWvs\">\n<div data-brz-translate-text=\"1\">\n<p data-uniq-id=\"fIqBB\" data-generated-css=\"brz-css-sJzsZ\" class=\"brz-tp-lg-paragraph brz-text-lg-justify brz-css-mx9BX\"><span class=\"brz-cp-color7\">Le <\/span><strong class=\"brz-cp-color7\">CK950 Pro<\/strong><span class=\"brz-cp-color7\"> est un monnayeur compact et autonome, id\u00e9al pour optimiser la gestion des esp\u00e8ces en entreprise.<\/span><\/p>\n<p data-uniq-id=\"wI61h\" data-generated-css=\"brz-css-bi5ub\" class=\"brz-tp-lg-paragraph brz-text-lg-justify brz-css-oRqqi\"><strong class=\"brz-cp-color7\">\u00c9cran tactile intuitif<\/strong><span class=\"brz-cp-color7\"> : permet des op\u00e9rations rapides sans ordinateur.<\/span><\/p>\n<p data-uniq-id=\"cLNUi\" data-generated-css=\"brz-css-l5zMa\" class=\"brz-tp-lg-paragraph brz-text-lg-justify brz-css-oZ4gC\"><strong class=\"brz-cp-color7\">Jusqu\u2019\u00e0 5 op\u00e9rations par minute<\/strong><span class=\"brz-cp-color7\"> : 30 % plus rapide que les mod\u00e8les pr\u00e9c\u00e9dents.<\/span><\/p>\n<p data-uniq-id=\"bcYgv\" data-generated-css=\"brz-css-kql89\" class=\"brz-tp-lg-paragraph brz-text-lg-justify brz-css-zvwiV\"><strong class=\"brz-cp-color7\">Grande capacit\u00e9<\/strong><span class=\"brz-cp-color7\"> : contient jusqu\u2019\u00e0 <\/span><strong class=\"brz-cp-color7\">2 500 pi\u00e8ces<\/strong><span class=\"brz-cp-color7\"> et <\/span><strong class=\"brz-cp-color7\">580 billets<\/strong><span class=\"brz-cp-color7\">, soit 15 % de plus.<\/span><\/p>\n<p data-uniq-id=\"c77_h\" data-generated-css=\"brz-css-zNDSl\" class=\"brz-tp-lg-paragraph brz-text-lg-justify brz-css-thmKK\"><strong class=\"brz-cp-color7\">S\u00e9curit\u00e9 et hygi\u00e8ne<\/strong><span class=\"brz-cp-color7\"> : tiroirs s\u00e9curis\u00e9s \u00e0 cl\u00e9, \u00e9liminant la manipulation d&rsquo;esp\u00e8ces par le personnel.<\/span><\/p>\n<p data-uniq-id=\"iLpvr\" data-generated-css=\"brz-css-u_vBQ\" class=\"brz-tp-lg-paragraph brz-text-lg-justify brz-css-ho95A\"><strong class=\"brz-cp-color7\">Contr\u00f4le \u00e0 distance<\/strong><span class=\"brz-cp-color7\"> : application CashKeeper pour surveiller l&rsquo;\u00e9tat du monnayeur en temps r\u00e9el.<\/span><\/p>\n<p data-uniq-id=\"dq12s\" data-generated-css=\"brz-css-gcZ78\" class=\"brz-tp-lg-paragraph brz-text-lg-justify brz-bcp-color7 brz-css-l5qvT\"><span class=\"brz-cp-color7\">Le CK950 Pro combine rapidit\u00e9, efficacit\u00e9 et s\u00e9curit\u00e9 pour un usage professionnel optimal.<\/span><\/p>\n<\/div>\n<\/div>\n<\/div>\n<\/div>\n<\/div>\n<div class=\"brz-columns brz-css-d-column-column brz-css-19mht5e\" data-brz-custom-id=\"ufHrwJc8zYSI\">\n<div class=\"brz-column__items brz-css-d-column-bg brz-css-16v7p9p\">\n<div id=\"\" class=\"brz-css-d-wrapper brz-css-1fbmfmo brz-wrapper\">\n<div class=\"brz-image brz-css-d-image-rarzsqfdio3j-parent brz-css-5uay86\" data-brz-custom-id=\"rarZsQFDio3j\"><img decoding=\"async\" class=\"brz-img\" src=\"https:\/\/frenchsystemes.fr\/wp-content\/uploads\/2024\/10\/CK950PRO-1-removebg-preview.png\" loading=\"lazy\" title=\"\"><\/div>\n<\/div>\n<\/div>\n<\/div>\n<\/div>\n<\/div>\n<\/div>\n<\/div>\n<\/section>\n<section id=\"scOXU6BKvKfN_scOXU6BKvKfN\" class=\"brz-section brz-css-d-section brz-css-gzqnp5\">\n<div class=\"brz-section__content brz-section--boxed brz-css-d-sectionitem-bg brz-css-vi6gge\" data-brz-custom-id=\"hFOcd_5lXrnV\">\n<div class=\"brz-bg\">\n<div class=\"brz-bg-color\"><\/div>\n<\/div>\n<div class=\"brz-container brz-css-d-sectionitem-container brz-css-1xdyu3u\">\n<div class=\"brz-row__container brz-css-d-row-row brz-css-107ixjr\" data-brz-custom-id=\"stQUsnmGfAux\">\n<div class=\"brz-row brz-css-d-row-container brz-css-1c9x2a0\">\n<div class=\"brz-columns brz-css-d-column-column brz-css-hm91e9\" data-brz-custom-id=\"xmKezSwXtvXu\">\n<div class=\"brz-column__items brz-css-d-column-bg brz-css-1ojmequ\">\n<div id=\"\" class=\"brz-css-d-wrapper brz-css-oq53j2 brz-wrapper\">\n<div class=\"brz-image brz-css-d-image-csee9sh_rye6-parent brz-css-1ps16lv\" data-brz-custom-id=\"csEe9sH_RyE6\"><img decoding=\"async\" class=\"brz-img\" src=\"https:\/\/frenchsystemes.fr\/wp-content\/uploads\/2024\/10\/Capture_d_ecran_2024-10-11_a_21.20.18-removebg-preview.png\" loading=\"lazy\" title=\"\"><\/div>\n<\/div>\n<\/div>\n<\/div>\n<div class=\"brz-columns brz-css-d-column-column brz-css-c8j6eh\" data-brz-custom-id=\"vDCVighp7Sop\">\n<div class=\"brz-column__items brz-css-d-column-bg brz-css-l8whj6\">\n<div id=\"\" class=\"brz-css-d-wrapper brz-css-qhzwqm brz-wrapper\">\n<div class=\"brz-rich-text brz-rich-text__custom brz-css-d-richtext brz-css-1r0i7ag\" data-brz-custom-id=\"mapBn_HqQNuC\">\n<div data-brz-translate-text=\"1\">\n<h2 class=\"brz-lh-lg-1_3 brz-ls-lg-m_1_5 brz-fw-lg-700 brz-fs-lg-36 brz-ff-overpass brz-fsft-lg-0 brz-fwdth-lg-100 brz-vfw-lg-400 brz-fss-lg-px brz-ft-google brz-tp-lg-heading2 brz-css-a2tMV\" data-uniq-id=\"uo49m\" data-generated-css=\"brz-css-tGekC\">Monnayeur ZEUS<\/h2>\n<\/div>\n<\/div>\n<\/div>\n<div id=\"\" class=\"brz-css-d-wrapper brz-css-12gr1w brz-wrapper\">\n<div class=\"brz-rich-text brz-rich-text__custom brz-css-d-richtext brz-css-e55isj\" data-brz-custom-id=\"x6eA9TQBhp3T\">\n<div data-brz-translate-text=\"1\">\n<p class=\"brz-tp-lg-paragraph brz-text-lg-justify brz-css-zZfKD\" data-uniq-id=\"iAQ98\" data-generated-css=\"brz-css-xTWaw\"><span class=\"brz-cp-color7\">Le <\/span><strong class=\"brz-cp-color7\">Zeus<\/strong><span class=\"brz-cp-color7\"> est un monnayeur encastrable en aluminium alliant \u00e9l\u00e9gance, rapidit\u00e9 et fiabilit\u00e9. Il accepte, valide, recycle et paie toutes les pi\u00e8ces de <\/span><strong class=\"brz-cp-color7\">0,01 \u20ac \u00e0 2 \u20ac<\/strong><span class=\"brz-cp-color7\"> avec une capacit\u00e9 de <\/span><strong class=\"brz-cp-color7\">3 673 pi\u00e8ces<\/strong><span class=\"brz-cp-color7\"> pour le rendu de monnaie. Rapide, il traite jusqu&rsquo;\u00e0 <\/span><strong class=\"brz-cp-color7\">10 pi\u00e8ces par seconde<\/strong><span class=\"brz-cp-color7\"> \u00e0 l&rsquo;entr\u00e9e et <\/span><strong class=\"brz-cp-color7\">6 pi\u00e8ces par seconde<\/strong><span class=\"brz-cp-color7\"> \u00e0 la sortie.<\/span><\/p>\n<ul>\n<li class=\"brz-tp-lg-paragraph brz-text-lg-justify brz-css-rZqjp\" data-uniq-id=\"xZVCu\" data-generated-css=\"brz-css-tZhbH\"><strong class=\"brz-cp-color7\">Validation des billets de nouvelle g\u00e9n\u00e9ration<\/strong><span class=\"brz-cp-color7\"> : couvre toute la largeur du billet pour une s\u00e9curit\u00e9 renforc\u00e9e.<\/span><\/li>\n<li class=\"brz-tp-lg-paragraph brz-text-lg-justify brz-css-p3Sro\" data-uniq-id=\"rnSbY\" data-generated-css=\"brz-css-kAVHw\"><strong class=\"brz-cp-color7\">Option modulaire<\/strong><span class=\"brz-cp-color7\"> : deuxi\u00e8me module de billets facultatif.<\/span><\/li>\n<\/ul>\n<p class=\"brz-tp-lg-paragraph brz-text-lg-justify brz-css-yRRwR\" data-uniq-id=\"puDWV\" data-generated-css=\"brz-css-k0jOe\"><span class=\"brz-cp-color7\">Le <\/span><strong class=\"brz-cp-color7\">Zeus<\/strong><span class=\"brz-cp-color7\"> assure efficacit\u00e9 et design pour votre entreprise.<\/span><\/p>\n<\/div>\n<\/div>\n<\/div>\n<\/div>\n<\/div>\n<\/div>\n<\/div>\n<\/div>\n<\/div>\n<\/section>\n<section id=\"ybNIoTH2oSqX_ybNIoTH2oSqX\" class=\"brz-section brz-css-d-section brz-css-eal3rs\">\n<div class=\"brz-section__content brz-section--boxed brz-css-d-sectionitem-bg brz-css-jy1ffx\" data-brz-custom-id=\"yj2at9cvDB6j\">\n<div class=\"brz-bg\">\n<div class=\"brz-bg-color\"><\/div>\n<\/div>\n<div class=\"brz-container brz-css-d-sectionitem-container brz-css-jbnftw\">\n<div class=\"brz-row__container brz-css-d-row-row brz-css-scijjq\" data-brz-custom-id=\"mCI3c0CN3KkE\">\n<div class=\"brz-row brz-css-d-row-container brz-css-r-row-container brz-css-x0pv0k\">\n<div class=\"brz-columns brz-css-d-column-column brz-css-12oeu4e\" data-brz-custom-id=\"mDGbqw8BIHaI\">\n<div class=\"brz-column__items brz-css-d-column-bg brz-css-1te92pg\">\n<div class=\"brz-wrapper-clone brz-flex-xs-wrap brz-css-d-cloneable brz-css-1sssda5\" data-brz-custom-id=\"izOGGr6yApZj\"><a class=\"brz-a brz-btn brz-css-d-button brz-css-zd4pwt brz-css-d-button-bg brz-css-60r21y\" target=\"_self\" rel=\"noopener\" href=\"https:\/\/frenchsystemes.fr\/\" data-brz-link-type=\"page\" data-brz-custom-id=\"gTll7Xs45LO5\"><span data-brz-translate-text=\"1\" class=\"brz-span brz-text__editor\">Nos services<\/span><\/a><a class=\"brz-a brz-btn brz-css-d-button brz-css-195jw6z brz-css-d-button-bg brz-css-5lhpoi\" target=\"_self\" rel=\"noopener\" href=\"https:\/\/frenchsystemes.fr\/?page_id=235\" data-brz-link-type=\"page\" data-brz-custom-id=\"z1lUIAwCwNwD\"><span data-brz-translate-text=\"1\" class=\"brz-span brz-text__editor\">Nos produits<\/span><\/a><a class=\"brz-a brz-btn brz-css-d-button brz-css-4wldl6 brz-css-d-button-bg brz-css-zvrht8\" target=\"_self\" rel=\"noopener\" data-brz-link-type=\"page\" data-brz-custom-id=\"cM32DrtsaCV6\"><span data-brz-translate-text=\"1\" class=\"brz-span brz-text__editor\">\u00c0 propos<\/span><\/a><\/div>\n<\/div>\n<\/div>\n<\/div>\n<\/div>\n<div id=\"\" class=\"brz-css-d-wrapper brz-css-hgcuel brz-wrapper\">\n<div class=\"brz-rich-text brz-rich-text__custom brz-css-d-richtext brz-css-2lhnf3\" data-brz-custom-id=\"eqt5IbeisdUT\">\n<div data-brz-translate-text=\"1\">\n<p class=\"brz-text-lg-center brz-tp-lg-paragraph brz-css-jEKkb\" data-uniq-id=\"bSwcE\" data-generated-css=\"brz-css-hCGkO\"><span style=\"opacity: 0.6\" class=\"brz-cp-color2\">French Syst\u00e8mes&nbsp;&nbsp;\u00a9 2023 <\/span><\/p>\n<\/div>\n<\/div>\n<\/div>\n<\/div>\n<\/div>\n<\/section><\/div>\n<p><!-- version:1765757417 --><\/p>\n","protected":false},"excerpt":{"rendered":"<p>CK950 PRO Le CK950 Pro est un monnayeur compact et autonome, id\u00e9al pour optimiser la gestion des esp\u00e8ces en entreprise. \u00c9cran tactile intuitif : permet des op\u00e9rations rapides sans ordinateur. Jusqu\u2019\u00e0 5 op\u00e9rations par minute : 30 % plus rapide que les mod\u00e8les pr\u00e9c\u00e9dents. Grande capacit\u00e9 : contient jusqu\u2019\u00e0 2 500 pi\u00e8ces et 580 billets, [&hellip;]<\/p>\n","protected":false},"author":1,"featured_media":0,"parent":0,"menu_order":0,"comment_status":"closed","ping_status":"closed","template":"brizy-blank-template.php","meta":{"footnotes":""},"class_list":["post-484","page","type-page","status-publish","hentry"],"brizy_media":[{"id":756,"url":"https:\/\/frenchsystemes.fr\/wp-content\/uploads\/2024\/10\/CK950PRO-1.png","name":"CK950PRO-1.png","meta":{"brizy_attachment_uid":"wp-df845516918378b3efe48ee9ae4e846c.png","brizy_post_uid":["ad8d9647f45ba726a39a025d12e96426"]}},{"id":757,"url":"https:\/\/frenchsystemes.fr\/wp-content\/uploads\/2024\/10\/CK-ALU-ZEUS-SIGMA-web.jpg","name":"CK-ALU-ZEUS-SIGMA-web.jpg","meta":{"brizy_attachment_uid":"wp-e052c2aa958cc8eb4aeb2d527684f47b.jpg","brizy_post_uid":["ad8d9647f45ba726a39a025d12e96426"]}},{"id":760,"url":"https:\/\/frenchsystemes.fr\/wp-content\/uploads\/2024\/10\/Capture_d_ecran_2024-10-11_a_21.20.18-removebg-preview.png","name":"Capture_d_ecran_2024-10-11_a_21.20.18-removebg-preview.png","meta":{"brizy_attachment_uid":"wp-cc5afdf126821ab0418a30c48f30c8de.png","brizy_post_uid":["ad8d9647f45ba726a39a025d12e96426"]}},{"id":761,"url":"https:\/\/frenchsystemes.fr\/wp-content\/uploads\/2024\/10\/CK950PRO-1-removebg-preview.png","name":"CK950PRO-1-removebg-preview.png","meta":{"brizy_attachment_uid":"wp-524062b91ce1953c236edf8ec15a3622.png","brizy_post_uid":["ad8d9647f45ba726a39a025d12e96426"]}}],"_links":{"self":[{"href":"https:\/\/frenchsystemes.fr\/index.php?rest_route=\/wp\/v2\/pages\/484","targetHints":{"allow":["GET"]}}],"collection":[{"href":"https:\/\/frenchsystemes.fr\/index.php?rest_route=\/wp\/v2\/pages"}],"about":[{"href":"https:\/\/frenchsystemes.fr\/index.php?rest_route=\/wp\/v2\/types\/page"}],"author":[{"embeddable":true,"href":"https:\/\/frenchsystemes.fr\/index.php?rest_route=\/wp\/v2\/users\/1"}],"replies":[{"embeddable":true,"href":"https:\/\/frenchsystemes.fr\/index.php?rest_route=%2Fwp%2Fv2%2Fcomments&post=484"}],"version-history":[{"count":8,"href":"https:\/\/frenchsystemes.fr\/index.php?rest_route=\/wp\/v2\/pages\/484\/revisions"}],"predecessor-version":[{"id":768,"href":"https:\/\/frenchsystemes.fr\/index.php?rest_route=\/wp\/v2\/pages\/484\/revisions\/768"}],"wp:attachment":[{"href":"https:\/\/frenchsystemes.fr\/index.php?rest_route=%2Fwp%2Fv2%2Fmedia&parent=484"}],"curies":[{"name":"wp","href":"https:\/\/api.w.org\/{rel}","templated":true}]}}