{"id":443,"date":"2024-10-03T16:43:17","date_gmt":"2024-10-03T14:43:17","guid":{"rendered":"http:\/\/localhost:8888\/?page_id=443"},"modified":"2025-12-13T21:03:03","modified_gmt":"2025-12-13T20:03:03","slug":"demander-un-devis","status":"publish","type":"page","link":"https:\/\/frenchsystemes.fr\/?page_id=443","title":{"rendered":"Demander un devis"},"content":{"rendered":"\t\t<div data-elementor-type=\"wp-page\" data-elementor-id=\"443\" class=\"elementor elementor-443\" data-elementor-post-type=\"page\">\n\t\t\t\t<div class=\"elementor-element elementor-element-4f049234 e-con-full e-flex e-con e-parent\" data-id=\"4f049234\" data-element_type=\"container\">\n\t\t\t\t<div class=\"elementor-element elementor-element-68847e5f elementor-widget elementor-widget-text-editor\" data-id=\"68847e5f\" data-element_type=\"widget\" data-widget_type=\"text-editor.default\">\n\t\t\t\t<div class=\"elementor-widget-container\">\n\t\t\t\t\t\t\t\t\t<div class=\"brz brz-root__container brz-reset-all brz-root__container-page\" ><section id=\"uXCF2zMIdDzh_uXCF2zMIdDzh\" class=\"brz-section brz-css-d-section brz-css-5vvrru\"><div class=\"brz-section__content brz-section--boxed brz-css-d-sectionitem-bg brz-css-kbv86l\" data-brz-custom-id=\"kh04XHxYAOZR\"><div class=\"brz-bg\"><div class=\"brz-bg-color\"><\/div><\/div><div class=\"brz-container brz-css-d-sectionitem-container brz-css-1a1vtk1\"><div id=\"\" class=\"brz-css-d-wrapper brz-css-1n2xfet brz-wrapper\"><div class=\"brz-rich-text brz-rich-text__custom brz-css-d-richtext brz-css-1v6ive0\" data-brz-custom-id=\"mHKFpVvHKRRd\"><div data-brz-translate-text=\"1\"><h1 class=\"brz-mb-lg-14 brz-mt-lg-20 brz-text-lg-center brz-tp-lg-heading1 brz-css-w_VLN\" data-generated-css=\"brz-css-kqgo7\" data-uniq-id=\"irfic\"><span style=\"color: rgba(var(--brz-global-color7),1);\" class=\"brz-cp-color7\">\u00c9tablir un de devis <\/span><\/h1><\/div><\/div><\/div><div id=\"\" class=\"brz-css-d-wrapper brz-css-dfz8cl brz-wrapper\"><div class=\"brz-rich-text brz-rich-text__custom brz-css-d-richtext brz-css-3xvoji\" data-brz-custom-id=\"iaNyXvJwQoOB\"><div data-brz-translate-text=\"1\"><p class=\"brz-tp-lg-paragraph brz-text-lg-center brz-css-cTAUh\" data-generated-css=\"brz-css-gpdZM\" data-uniq-id=\"ig2YR\">Veuillez saisir vos informations, et notre \u00e9quipe vous r\u00e9pondra dans les meilleurs d\u00e9lais<\/p><\/div><\/div><\/div><div id=\"\" class=\"brz-css-d-wrapper brz-css-1tjwe4a brz-wrapper\"><div class=\"brz-image brz-css-d-image-orzpvgu_kew6-parent brz-css-13spj6v\" data-brz-custom-id=\"orzPVgU_KEw6\"><picture class=\"brz-picture brz-d-block brz-p-relative brz-css-d-image-orzpvgu_kew6-picture brz-css-11jo1lm\"><source srcset=\"https:\/\/frenchsystemes.fr\/wp-content\/uploads\/2024\/10\/undraw_Personal_text_re_vqj3-removebg-preview.png 1x, https:\/\/frenchsystemes.fr\/wp-content\/uploads\/2024\/10\/undraw_Personal_text_re_vqj3-removebg-preview.png 2x\" media=\"(min-width: 992px)\"><source srcset=\"https:\/\/frenchsystemes.fr\/wp-content\/uploads\/2024\/10\/undraw_Personal_text_re_vqj3-removebg-preview.png 1x, https:\/\/frenchsystemes.fr\/wp-content\/uploads\/2024\/10\/undraw_Personal_text_re_vqj3-removebg-preview.png 2x\" media=\"(min-width: 768px)\"><img decoding=\"async\" class=\"brz-img\" srcset=\"https:\/\/frenchsystemes.fr\/wp-content\/uploads\/2024\/10\/undraw_Personal_text_re_vqj3-removebg-preview.png 1x, https:\/\/frenchsystemes.fr\/wp-content\/uploads\/2024\/10\/undraw_Personal_text_re_vqj3-removebg-preview.png 2x\" src=\"https:\/\/frenchsystemes.fr\/wp-content\/uploads\/2024\/10\/undraw_Personal_text_re_vqj3-removebg-preview.png\" loading=\"lazy\" alt=\"{{brizy_dc_image_alt imageSrc=\"wp-b55e04638922b0ae9a0ef974b8327973.png\"}}\" title=\"\" draggable=\"false\"><\/picture><\/div><\/div><div id=\"\" class=\"brz-css-d-wrapper brz-css-dcjmky brz-wrapper\"><div data-brz-form-version=\"2\" class=\"brz-forms2 brz-css-d-form2-form brz-css-i4amsv\" data-brz-custom-id=\"xQ13knTDl2H5\"><form class=\"brz-form brz-d-xs-flex brz-flex-xs-wrap\" novalidate=\"\" action=\"https:\/\/frenchsystemes.fr\/wp-admin\/admin-ajax.php?nonce=e917e91813&amp;action=brizy_submit_form\" data-brz-form-id=\"xQ13knTDl2H5\" data-brz-project-id=\"bb7899a828a8358c3c38390e21c8e9d1\" data-brz-success=\"\" data-brz-error=\"\" data-brz-redirect=\"\" data-brz-empty=\"\" data-brz-form-type=\"default\" data-brz-translatable-default-success=\"Your email was sent successfully\" data-brz-translatable-default-error=\"Your email was not sent\" data-brz-translatable-default-empty=\"Please fill in the required fields\" data-brz-translatable-default-invalid=\"Please check your entry and try again\" data-brz-translatable-default-invalid-email=\"Please enter a valid email address (e.g., name@example.com)\"><div data-brz-translate-text=\"1\" class=\"brz-forms2__item brz-css-d-form2fields-fields brz-css-1w1bdmf brz-css-d-form2field-field brz-css-pwaesm\"><label class=\"brz-label brz-forms2__field-label\" for=\"jLdmye_9vRe9_b9ee43623161f7397da9\">Nom<\/label><input type=\"text\" id=\"jLdmye_9vRe9_b9ee43623161f7397da9\" name=\"qxs6NdvlD5Vq\" placeholder=\"\" required=\"\" data-brz-type=\"Text\" data-brz-label=\"Nom\" data-brz-placeholder=\"\" class=\"brz-input brz-forms2__field brz-forms2__field-text\" value=\"\"><\/div><div data-brz-translate-text=\"1\" class=\"brz-forms2__item brz-css-d-form2fields-fields brz-css-1w1bdmf brz-css-d-form2field-field brz-css-toxt34\"><label class=\"brz-label brz-forms2__field-label\" for=\"iw5jkMnfKrh6_11c39cc40791bd116600\">Pr\u00e9nom<\/label><input type=\"text\" id=\"iw5jkMnfKrh6_11c39cc40791bd116600\" name=\"nLUIKnv01vMu\" placeholder=\"\" required=\"\" data-brz-type=\"Text\" data-brz-label=\"Pr\u00e9nom\" data-brz-placeholder=\"\" class=\"brz-input brz-forms2__field brz-forms2__field-text\" value=\"\"><\/div><div data-brz-translate-text=\"1\" class=\"brz-forms2__item brz-css-d-form2fields-fields brz-css-1w1bdmf brz-css-d-form2field-field brz-css-1suwaof\"><label class=\"brz-label brz-forms2__field-label\" for=\"epqwbK2JWplz_8767ea7d9bfd52451872\">Nom d&rsquo;\u00e9tablissement<\/label><input type=\"email\" id=\"epqwbK2JWplz_8767ea7d9bfd52451872\" name=\"uOxhNSGPOEmd\" placeholder=\"\" required=\"\" pattern=\"%5E((%5B%5E%3C%3E%5C(%5C)%5C%5B%5C%5D%5C%5C.,;:%5Cs@%22%5D+(%5C.%5B%5E%3C%3E%5C(%5C)%5C%5B%5C%5D%5C%5C.,;:%5Cs@%22%5D+)*)%7C(%22.+%22))@((%5C%5B%5B0-9%5D%7B1,3%7D%5C.%5B0-9%5D%7B1,3%7D%5C.%5B0-9%5D%7B1,3%7D%5C.%5B0-9%5D%7B1,3%7D%5C%5D)%7C((%5Ba-zA-Z%5C-0-9%5D+%5C.)+%5Ba-zA-Z%5D%7B2,%7D))$\" data-brz-type=\"Email\" data-brz-label=\"Nom d'\u00e9tablissement\" data-brz-placeholder=\"\" maxlength=\"255\" class=\"brz-input brz-forms2__field brz-forms2__field-email\" value=\"\"><\/div><div data-brz-translate-text=\"1\" class=\"brz-forms2__item brz-css-d-form2fields-fields brz-css-1w1bdmf brz-css-d-form2field-field brz-css-htpxgn\"><label class=\"brz-label brz-forms2__field-label\" for=\"uDWNzb5PRmku_6b72b42d110c27a69475\">Num\u00e9ro de t\u00e9l\u00e9phone<\/label><input type=\"email\" id=\"uDWNzb5PRmku_6b72b42d110c27a69475\" name=\"qTXbo1SRD6gt\" placeholder=\"\" required=\"\" pattern=\"%5E((%5B%5E%3C%3E%5C(%5C)%5C%5B%5C%5D%5C%5C.,;:%5Cs@%22%5D+(%5C.%5B%5E%3C%3E%5C(%5C)%5C%5B%5C%5D%5C%5C.,;:%5Cs@%22%5D+)*)%7C(%22.+%22))@((%5C%5B%5B0-9%5D%7B1,3%7D%5C.%5B0-9%5D%7B1,3%7D%5C.%5B0-9%5D%7B1,3%7D%5C.%5B0-9%5D%7B1,3%7D%5C%5D)%7C((%5Ba-zA-Z%5C-0-9%5D+%5C.)+%5Ba-zA-Z%5D%7B2,%7D))$\" data-brz-type=\"Email\" data-brz-label=\"Num\u00e9ro de t\u00e9l\u00e9phone\" data-brz-placeholder=\"\" maxlength=\"255\" class=\"brz-input brz-forms2__field brz-forms2__field-email\" value=\"\"><\/div><div data-brz-translate-text=\"1\" class=\"brz-forms2__item brz-css-d-form2fields-fields brz-css-1w1bdmf brz-css-d-form2field-field brz-css-1bvmxkd\"><label class=\"brz-label brz-forms2__field-label\" for=\"uS48o8xJbA6x_c92398e27d78ab2c7c0d\">Adresse mail<\/label><input type=\"email\" id=\"uS48o8xJbA6x_c92398e27d78ab2c7c0d\" name=\"ehoxLHQRPLJc\" placeholder=\"\" required=\"\" pattern=\"%5E((%5B%5E%3C%3E%5C(%5C)%5C%5B%5C%5D%5C%5C.,;:%5Cs@%22%5D+(%5C.%5B%5E%3C%3E%5C(%5C)%5C%5B%5C%5D%5C%5C.,;:%5Cs@%22%5D+)*)%7C(%22.+%22))@((%5C%5B%5B0-9%5D%7B1,3%7D%5C.%5B0-9%5D%7B1,3%7D%5C.%5B0-9%5D%7B1,3%7D%5C.%5B0-9%5D%7B1,3%7D%5C%5D)%7C((%5Ba-zA-Z%5C-0-9%5D+%5C.)+%5Ba-zA-Z%5D%7B2,%7D))$\" data-brz-type=\"Email\" data-brz-label=\"Adresse mail\" data-brz-placeholder=\"\" maxlength=\"255\" class=\"brz-input brz-forms2__field brz-forms2__field-email\" value=\"\"><\/div><div data-brz-translate-text=\"1\" class=\"brz-forms2__item brz-css-d-form2fields-fields brz-css-1w1bdmf brz-css-d-form2field-field brz-css-1aobdip\"><label class=\"brz-label brz-forms2__field-label\" for=\"ohrujJevmrdz_afd705bcdfcd3a1fb68b\">Inscrivez les produits souhait\u00e9s ici<\/label><textarea id=\"ohrujJevmrdz_afd705bcdfcd3a1fb68b\" name=\"wpamv0tNTF48\" placeholder=\"\" required=\"\" data-brz-type=\"Paragraph\" data-brz-label=\"Inscrivez les produits souhait\u00e9s ici\" data-brz-placeholder=\"\" class=\"brz-textarea brz-forms2__field brz-forms2__field-paragraph\"><\/textarea><\/div><div class=\"brz-forms2 brz-forms2__item brz-forms2__item-button\" data-brz-custom-id=\"xQ13knTDl2H5\"><button class=\"brz-btn brz-btn-submit brz-css-d-button-bg brz-css-idbsoe\" data-brz-custom-id=\"qoCF_z7LOeuF\"><span data-brz-translate-text=\"1\" class=\"brz-span brz-text__editor\">Envoyer<\/span><\/button><svg class=\"brz-icon-svg align-[initial] brz-form-spinner brz-invisible brz-ed-animated--spin\"><use href=\"\/wp-content\/plugins\/brizy\/public\/editor-build\/prod\/editor\/icons\/glyph\/circle-02.svg#nc_icon\"><\/use><\/svg><\/div><div class=\"brz-g-recaptcha\" data-sitekey=\"\" data-size=\"invisible\" data-callback=\"brzFormV2Captcha\"><\/div><\/form><\/div><\/div><\/div><\/div><\/section>\n    \n<section id=\"ndFCQGcmViOl_ndFCQGcmViOl\" class=\"brz-section brz-css-d-section brz-css-9ra5go\"><div class=\"brz-section__content brz-section--boxed brz-css-d-sectionitem-bg brz-css-u7nxm9\" data-brz-custom-id=\"yUR9aayZ2eRq\"><div class=\"brz-bg\"><div class=\"brz-bg-color\"><\/div><\/div><div class=\"brz-container brz-css-d-sectionitem-container brz-css-qu2yjd\"><div class=\"brz-row__container brz-css-d-row-row brz-css-1fg7us8\" data-brz-custom-id=\"cG2siflJ2ROx\"><div class=\"brz-row brz-css-d-row-container brz-css-r-row-container brz-css-1x96hhv\"><div class=\"brz-columns brz-css-d-column-column brz-css-1merarr\" data-brz-custom-id=\"gCFCDF1tvey5\"><div class=\"brz-column__items brz-css-d-column-bg brz-css-ny3klm\"><div class=\"brz-wrapper-clone brz-flex-xs-wrap brz-css-d-cloneable brz-css-18iuesc\" data-brz-custom-id=\"sycu14M9CEfd\"><a class=\"brz-a brz-btn brz-css-d-button brz-css-1bzd2ye brz-css-d-button-bg brz-css-n17d82\" target=\"_self\" rel=\"noopener\" href=\"https:\/\/frenchsystemes.fr\/\" data-brz-link-type=\"page\" data-brz-custom-id=\"t6wbXQyBMnxh\"><span data-brz-translate-text=\"1\" class=\"brz-span brz-text__editor\">Nos services<\/span><\/a><a class=\"brz-a brz-btn brz-css-d-button brz-css-1xsyz8p brz-css-d-button-bg brz-css-12sq5w7\" target=\"_self\" rel=\"noopener\" href=\"https:\/\/frenchsystemes.fr\/?page_id=235\" data-brz-link-type=\"page\" data-brz-custom-id=\"tlzksuRnt8Et\"><span data-brz-translate-text=\"1\" class=\"brz-span brz-text__editor\">Nos produits<\/span><\/a><a class=\"brz-a brz-btn brz-css-d-button brz-css-1akrcwn brz-css-d-button-bg brz-css-q6ekzi\" target=\"_self\" rel=\"noopener\" data-brz-link-type=\"page\" data-brz-custom-id=\"pZJ3JybwoxA7\"><span data-brz-translate-text=\"1\" class=\"brz-span brz-text__editor\">\u00c0 propos<\/span><\/a><\/div><\/div><\/div><\/div><\/div><div id=\"\" class=\"brz-css-d-wrapper brz-css-1of7qpb brz-wrapper\"><div class=\"brz-rich-text brz-rich-text__custom brz-css-d-richtext brz-css-eec6oe\" data-brz-custom-id=\"wkmKeZ4piUR0\"><div data-brz-translate-text=\"1\"><p class=\"brz-text-lg-center brz-tp-lg-paragraph brz-css-pRrqA\" data-uniq-id=\"bSwcE\" data-generated-css=\"brz-css-hCGkO\"><span style=\"opacity: 0.6;\" class=\"brz-cp-color2\">French Syst\u00e8mes&nbsp;&nbsp;\u00a9 2023 <\/span><\/p><\/div><\/div><\/div><\/div><\/div><\/section>\n    <\/div><!-- version:1765656107 -->\t\t\t\t\t\t\t\t<\/div>\n\t\t\t\t<\/div>\n\t\t\t\t<\/div>\n\t\t\t\t<\/div>\n\t\t","protected":false},"excerpt":{"rendered":"<p>\u00c9tablir un de devis Veuillez saisir vos informations, et notre \u00e9quipe vous r\u00e9pondra dans les meilleurs d\u00e9lais NomPr\u00e9nomNom d&rsquo;\u00e9tablissementNum\u00e9ro de t\u00e9l\u00e9phoneAdresse mailInscrivez les produits souhait\u00e9s iciEnvoyer Nos servicesNos produits\u00c0 propos French Syst\u00e8mes&nbsp;&nbsp;\u00a9 2023<\/p>\n","protected":false},"author":1,"featured_media":0,"parent":0,"menu_order":0,"comment_status":"closed","ping_status":"closed","template":"elementor_header_footer","meta":{"footnotes":""},"class_list":["post-443","page","type-page","status-publish","hentry"],"brizy_media":[{"id":360,"url":"https:\/\/frenchsystemes.fr\/wp-content\/uploads\/2024\/10\/VIRUS-removebg-preview1.png","name":"VIRUS-removebg-preview1.png","meta":{"brizy_attachment_uid":"wp-64c98fa50590e25beeeb807db4b6213e.png","brizy_post_uid":["b8c8ee453ae6560f2042316429d049ee","84df51cb67013f39b292e37f63b51d64"]}},{"id":746,"url":"https:\/\/frenchsystemes.fr\/wp-content\/uploads\/2024\/10\/undraw_Personal_text_re_vqj3-removebg-preview.png","name":"undraw_Personal_text_re_vqj3-removebg-preview.png","meta":{"brizy_attachment_uid":"wp-b55e04638922b0ae9a0ef974b8327973.png","brizy_post_uid":["84df51cb67013f39b292e37f63b51d64"]}}],"_links":{"self":[{"href":"https:\/\/frenchsystemes.fr\/index.php?rest_route=\/wp\/v2\/pages\/443","targetHints":{"allow":["GET"]}}],"collection":[{"href":"https:\/\/frenchsystemes.fr\/index.php?rest_route=\/wp\/v2\/pages"}],"about":[{"href":"https:\/\/frenchsystemes.fr\/index.php?rest_route=\/wp\/v2\/types\/page"}],"author":[{"embeddable":true,"href":"https:\/\/frenchsystemes.fr\/index.php?rest_route=\/wp\/v2\/users\/1"}],"replies":[{"embeddable":true,"href":"https:\/\/frenchsystemes.fr\/index.php?rest_route=%2Fwp%2Fv2%2Fcomments&post=443"}],"version-history":[{"count":17,"href":"https:\/\/frenchsystemes.fr\/index.php?rest_route=\/wp\/v2\/pages\/443\/revisions"}],"predecessor-version":[{"id":842,"href":"https:\/\/frenchsystemes.fr\/index.php?rest_route=\/wp\/v2\/pages\/443\/revisions\/842"}],"wp:attachment":[{"href":"https:\/\/frenchsystemes.fr\/index.php?rest_route=%2Fwp%2Fv2%2Fmedia&parent=443"}],"curies":[{"name":"wp","href":"https:\/\/api.w.org\/{rel}","templated":true}]}}