{"id":420,"date":"2024-10-03T16:31:30","date_gmt":"2024-10-03T14:31:30","guid":{"rendered":"http:\/\/localhost:8888\/?page_id=420"},"modified":"2025-12-13T21:07:18","modified_gmt":"2025-12-13T20:07:18","slug":"bornes-tactiles","status":"publish","type":"page","link":"https:\/\/frenchsystemes.fr\/?page_id=420","title":{"rendered":"Bornes Tactiles"},"content":{"rendered":"\t\t<div data-elementor-type=\"wp-page\" data-elementor-id=\"420\" class=\"elementor elementor-420\" data-elementor-post-type=\"page\">\n\t\t\t\t<div class=\"elementor-element elementor-element-55918bdd e-con-full e-flex e-con e-parent\" data-id=\"55918bdd\" data-element_type=\"container\">\n\t\t\t\t<div class=\"elementor-element elementor-element-252db080 elementor-widget elementor-widget-text-editor\" data-id=\"252db080\" data-element_type=\"widget\" data-widget_type=\"text-editor.default\">\n\t\t\t\t<div class=\"elementor-widget-container\">\n\t\t\t\t\t\t\t\t\t<div class=\"brz brz-root__container brz-reset-all brz-root__container-page\"><section id=\"lFtQL4oIjuyi_lFtQL4oIjuyi\" class=\"brz-section brz-css-d-section brz-css-7hokyw\"><div class=\"brz-section__content brz-section--boxed brz-css-d-sectionitem-bg brz-css-1vdwce\" data-brz-custom-id=\"t5ur5y7al6HG\"><div class=\"brz-container brz-css-d-sectionitem-container brz-css-1xn18m0\"><div class=\"brz-row__container brz-css-d-row-row brz-css-86f358\" data-brz-custom-id=\"c0bGPhZe90zj\"><div class=\"brz-row brz-css-d-row-container brz-css-1wajsxs\"><div class=\"brz-columns brz-css-d-column-column brz-css-d9plt5\" data-brz-custom-id=\"bdgECrxi6HSQ\"><div class=\"brz-column__items brz-css-d-column-bg brz-css-1ebjuwo\"><div id=\"\" class=\"brz-css-d-wrapper brz-css-yc0f6e brz-wrapper\"><div class=\"brz-rich-text brz-rich-text__custom brz-css-d-richtext brz-css-yip4o8\" data-brz-custom-id=\"rEYNGeYLnEjx\"><div data-brz-translate-text=\"1\"><h2 class=\"brz-tp-lg-heading2 brz-ft-google brz-fss-lg-px brz-vfw-lg-400 brz-fwdth-lg-100 brz-fsft-lg-0 brz-ff-overpass brz-fs-lg-36 brz-fw-lg-700 brz-ls-lg-m_1_5 brz-lh-lg-1_3 brz-css-tDtQK\" data-generated-css=\"brz-css-kTeDZ\" data-uniq-id=\"zTA1B\"><span class=\"brz-cp-color7\">Borne K-215II<\/span><\/h2><\/div><\/div><\/div><div id=\"\" class=\"brz-css-d-wrapper brz-css-11i5zzn brz-wrapper\"><div class=\"brz-rich-text brz-rich-text__custom brz-css-d-richtext brz-css-6ti961\" data-brz-custom-id=\"bHQutABPG9dI\"><div data-brz-translate-text=\"1\"><p class=\"brz-tp-lg-paragraph brz-text-lg-justify brz-css-r1LVZ\" data-generated-css=\"brz-css-wenlO\" data-uniq-id=\"e2H2l\"><strong class=\"brz-cp-color7\">La Borne de service KOB\u00c9 215 II<\/strong><span class=\"brz-cp-color7\"> de SAGA r\u00e9pond aux besoins actuels des restaurants, fast-foods, cha\u00eenes de magasins, et enseignes de loisirs qui souhaitent am\u00e9liorer la gestion de file d\u2019attente, offrir un paiement s\u00e9curis\u00e9, et favoriser l\u2019autonomie de leurs clients gr\u00e2ce au self-ordering.<\/span><\/p><p class=\"brz-tp-lg-paragraph brz-text-lg-justify brz-css-hQEsb\" data-generated-css=\"brz-css-xeWct\" data-uniq-id=\"t2Wws\"><span class=\"brz-cp-color7\">Cette borne de commande autonome est \u00e9quip\u00e9e d\u2019un \u00e9cran tactile capacitif de 21,5\u2019\u2019, d\u2019une imprimante thermique pour tickets, et d\u2019un scanner 2D, avec un design optimis\u00e9 pour int\u00e9grer tout terminal de paiement. <\/span><\/p><p class=\"brz-tp-lg-paragraph brz-text-lg-justify brz-css-vEwWF\" data-generated-css=\"brz-css-fIzTN\" data-uniq-id=\"i_zs3\">\u00a0<\/p><p class=\"brz-tp-lg-paragraph brz-text-lg-justify brz-css-rQLCp\" data-generated-css=\"brz-css-uinIQ\" data-uniq-id=\"neWiu\"><span class=\"brz-cp-color7\">Con\u00e7ue pour un acc\u00e8s facile aux \u00e9l\u00e9ments (changement de papier, r\u00e9glages du scanner, connexion TPE), elle simplifie la maintenance au quotidien.<\/span><\/p><p class=\"brz-tp-lg-paragraph brz-text-lg-justify brz-css-qcuYz\" data-generated-css=\"brz-css-uinIQ\" data-uniq-id=\"neWiu\">\u00a0<\/p><p class=\"brz-tp-lg-paragraph brz-text-lg-justify brz-css-cR7ZK\" data-generated-css=\"brz-css-lezNc\" data-uniq-id=\"cR3j5\"><span class=\"brz-cp-color7\">La KOB\u00c9 215 II est livr\u00e9e avec un pied support \u00e0 double m\u00e2ts, permettant d\u2019installer deux bornes dos \u00e0 dos, ou elle peut \u00eatre fix\u00e9e au mur pour maximiser l\u2019espace de vente.<\/span><\/p><\/div><\/div><\/div><\/div><\/div><div class=\"brz-columns brz-css-d-column-column brz-css-1h5nl3t\" data-brz-custom-id=\"i0XuMwcYfewW\"><div class=\"brz-column__items brz-css-d-column-bg brz-css-133japo\"><div id=\"\" class=\"brz-css-d-wrapper brz-css-1c7a5gb brz-wrapper\"><div class=\"brz-image brz-css-d-image-yi4c8tj1ig5k-parent brz-css-1mgzlt2\" data-brz-custom-id=\"yi4c8TJ1Ig5K\"><picture class=\"brz-picture brz-d-block brz-p-relative brz-css-d-image-yi4c8tj1ig5k-picture brz-css-1slv35s\"><source srcset=\"https:\/\/frenchsystemes.fr\/wp-content\/uploads\/2024\/10\/Capture_d_ecran_2024-10-07_a_23.59.32-removebg-preview.png 1x, https:\/\/frenchsystemes.fr\/wp-content\/uploads\/2024\/10\/Capture_d_ecran_2024-10-07_a_23.59.32-removebg-preview.png 2x\" media=\"(min-width: 992px)\" \/><source srcset=\"https:\/\/frenchsystemes.fr\/wp-content\/uploads\/2024\/10\/Capture_d_ecran_2024-10-07_a_23.59.32-removebg-preview.png 1x, https:\/\/frenchsystemes.fr\/wp-content\/uploads\/2024\/10\/Capture_d_ecran_2024-10-07_a_23.59.32-removebg-preview.png 2x\" media=\"(min-width: 768px)\" \/><img decoding=\"async\" class=\"brz-img\" title=\"\" draggable=\"false\" src=\"https:\/\/frenchsystemes.fr\/wp-content\/uploads\/2024\/10\/Capture_d_ecran_2024-10-07_a_23.59.32-removebg-preview.png\" srcset=\"https:\/\/frenchsystemes.fr\/wp-content\/uploads\/2024\/10\/Capture_d_ecran_2024-10-07_a_23.59.32-removebg-preview.png 1x, https:\/\/frenchsystemes.fr\/wp-content\/uploads\/2024\/10\/Capture_d_ecran_2024-10-07_a_23.59.32-removebg-preview.png 2x\" alt=\"{{brizy_dc_image_alt imageSrc=\" \/><\/picture><\/div><\/div><\/div><\/div><\/div><\/div><\/div><\/div><\/section><section id=\"wAuryIBqKmKn_wAuryIBqKmKn\" class=\"brz-section brz-css-d-section brz-css-1itk7lc\"><div class=\"brz-section__content brz-section--boxed brz-css-d-sectionitem-bg brz-css-1fgdkzv\" data-brz-custom-id=\"xlwXV8amKU0k\"><div class=\"brz-bg\"><div class=\"brz-bg-color\">\u00a0<\/div><\/div><div class=\"brz-container brz-css-d-sectionitem-container brz-css-dryjg7\"><div class=\"brz-row__container brz-css-d-row-row brz-css-1uqey9q\" data-brz-custom-id=\"fucgN6c0PRL9\"><div class=\"brz-row brz-css-d-row-container brz-css-s5z9y3\"><div class=\"brz-columns brz-css-d-column-column brz-css-y5xsp\" data-brz-custom-id=\"nE_8lxVTAcm6\"><div class=\"brz-column__items brz-css-d-column-bg brz-css-prsacq\"><div id=\"\" class=\"brz-css-d-wrapper brz-css-djpqpt brz-wrapper\"><div class=\"brz-image brz-css-d-image-dspz_qrngghc-parent brz-css-d559vv\" data-brz-custom-id=\"dspz_qrnGgHc\"><picture class=\"brz-picture brz-d-block brz-p-relative brz-css-d-image-dspz_qrngghc-picture brz-css-n6ir77\"><source srcset=\"https:\/\/frenchsystemes.fr\/wp-content\/uploads\/2024\/10\/Capture_d_ecran_2024-10-08_a_00.01.21-removebg-preview.png 1x, https:\/\/frenchsystemes.fr\/wp-content\/uploads\/2024\/10\/Capture_d_ecran_2024-10-08_a_00.01.21-removebg-preview.png 2x\" media=\"(min-width: 992px)\" \/><source srcset=\"https:\/\/frenchsystemes.fr\/wp-content\/uploads\/2024\/10\/Capture_d_ecran_2024-10-08_a_00.01.21-removebg-preview.png 1x, https:\/\/frenchsystemes.fr\/wp-content\/uploads\/2024\/10\/Capture_d_ecran_2024-10-08_a_00.01.21-removebg-preview.png 2x\" media=\"(min-width: 768px)\" \/><img decoding=\"async\" class=\"brz-img\" title=\"\" draggable=\"false\" src=\"https:\/\/frenchsystemes.fr\/wp-content\/uploads\/2024\/10\/Capture_d_ecran_2024-10-08_a_00.01.21-removebg-preview.png\" srcset=\"https:\/\/frenchsystemes.fr\/wp-content\/uploads\/2024\/10\/Capture_d_ecran_2024-10-08_a_00.01.21-removebg-preview.png 1x, https:\/\/frenchsystemes.fr\/wp-content\/uploads\/2024\/10\/Capture_d_ecran_2024-10-08_a_00.01.21-removebg-preview.png 2x\" alt=\"{{brizy_dc_image_alt imageSrc=\" \/><\/picture><\/div><\/div><\/div><\/div><div class=\"brz-columns brz-css-d-column-column brz-css-1pfn1mk\" data-brz-custom-id=\"ioNDqKo9fM4T\"><div class=\"brz-column__items brz-css-d-column-bg brz-css-1a5thvw\"><div id=\"\" class=\"brz-css-d-wrapper brz-css-c8wxn brz-wrapper\"><div class=\"brz-rich-text brz-rich-text__custom brz-css-d-richtext brz-css-1ys5y60\" data-brz-custom-id=\"xEIpPkd6ATGV\"><div data-brz-translate-text=\"1\"><h2 class=\"brz-lh-lg-1_3 brz-ls-lg-m_1_5 brz-fw-lg-700 brz-fs-lg-36 brz-ff-overpass brz-fsft-lg-0 brz-fwdth-lg-100 brz-vfw-lg-400 brz-fss-lg-px brz-ft-google brz-tp-lg-heading2 brz-css-myXHO\" data-uniq-id=\"nY6sY\" data-generated-css=\"brz-css-ciicP\"><span class=\"brz-cp-color7\" style=\"color: rgba(var(--brz-global-color7),1);\">Borne K-320II<\/span><\/h2><\/div><\/div><\/div><div id=\"\" class=\"brz-css-d-wrapper brz-css-mv7e49 brz-wrapper\"><div class=\"brz-rich-text brz-rich-text__custom brz-css-d-richtext brz-css-kgsmbr\" data-brz-custom-id=\"zfQVzH87_tA9\"><div data-brz-translate-text=\"1\"><p class=\"brz-tp-lg-paragraph brz-text-lg-justify brz-css-a5wpB\" data-uniq-id=\"rfq1T\" data-generated-css=\"brz-css-uO0Yn\">La borne<strong> tactile KOB\u00c9 320 II<\/strong> de SAGA r\u00e9pond aux besoins actuels des restaurants, fast-foods, cha\u00eenes de magasins, et lieux de loisirs en mati\u00e8re de gestion de file d\u2019attente, de paiement s\u00e9curis\u00e9 et d\u2019autonomie client gr\u00e2ce au self-ordering. \u00c9quip\u00e9 d\u2019un grand \u00e9cran tactile capacitif de 32\u2019\u2019, d\u2019une imprimante thermique pour tickets, et d\u2019un scanner 2D, il accueille tout terminal de paiement compatible et permet une exp\u00e9rience utilisateur optimale.<\/p><p class=\"brz-tp-lg-paragraph brz-text-lg-justify brz-css-e7wr4\" data-uniq-id=\"aQlgK\" data-generated-css=\"brz-css-o9jiH\">Con\u00e7u pour une maintenance simplifi\u00e9e, le KOB\u00c9 320 II offre un acc\u00e8s rapide aux \u00e9l\u00e9ments essentiels (changement de papier, param\u00e9trage du scanner, branchement du TPE) en un tour de cl\u00e9. Propos\u00e9 avec un pied pour une installation ind\u00e9pendante, il peut \u00e9galement \u00eatre fix\u00e9 au mur ou configurer deux modules dos \u00e0 dos pour maximiser l\u2019espace de vente.<\/p><\/div><\/div><\/div><\/div><\/div><\/div><\/div><\/div><\/div><\/section><section id=\"uiUfelDUivyx_uiUfelDUivyx\" class=\"brz-section brz-css-d-section brz-css-csnj85\"><div class=\"brz-section__content brz-section--boxed brz-css-d-sectionitem-bg brz-css-mrpftr\" data-brz-custom-id=\"z9TheUMgC7os\"><div class=\"brz-container brz-css-d-sectionitem-container brz-css-1djgpcc\"><div class=\"brz-row__container brz-css-d-row-row brz-css-vueda2\" data-brz-custom-id=\"xjbWk4gPRRJf\"><div class=\"brz-row brz-css-d-row-container brz-css-sh5qbt\"><div class=\"brz-columns brz-css-d-column-column brz-css-1aufu9f\" data-brz-custom-id=\"gySACeWmQW3D\"><div class=\"brz-column__items brz-css-d-column-bg brz-css-2vr8nk\"><div id=\"\" class=\"brz-css-d-wrapper brz-css-gscpq brz-wrapper\"><div class=\"brz-rich-text brz-rich-text__custom brz-css-d-richtext brz-css-1utehuj\" data-brz-custom-id=\"l5yB2XNLxDkT\"><div data-brz-translate-text=\"1\"><h2 class=\"brz-lh-lg-1_3 brz-ls-lg-m_1_5 brz-fw-lg-700 brz-fs-lg-36 brz-ff-overpass brz-fsft-lg-0 brz-fwdth-lg-100 brz-vfw-lg-400 brz-fss-lg-px brz-ft-google brz-tp-lg-heading2 brz-css-bYS_Z\" data-uniq-id=\"g5hFW\" data-generated-css=\"brz-css-eKTFu\">Borne Tactile Kurveo Desk<\/h2><\/div><\/div><\/div><div id=\"\" class=\"brz-css-d-wrapper brz-css-jkor44 brz-wrapper\"><div class=\"brz-rich-text brz-rich-text__custom brz-css-d-richtext brz-css-g2vqaw\" data-brz-custom-id=\"jF7bFtquAL7e\"><div data-brz-translate-text=\"1\"><p class=\"brz-tp-lg-paragraph brz-text-lg-justify brz-css-mCX2h\" data-uniq-id=\"mzveP\" data-generated-css=\"brz-css-pAsd0\"><span class=\"brz-cp-color7\">La <\/span><strong class=\"brz-cp-color7\">KURVEO DESK<\/strong><span class=\"brz-cp-color7\"> de SAGA est une borne tactile de comptoir au design \u00e9l\u00e9gant et unique, dot\u00e9e d\u2019un \u00e9cran incurv\u00e9 capacitif de 23,6\u2019\u2019. Con\u00e7ue pour le self-service, elle comprend une imprimante thermique pour tickets, un scanner 2D\/NFC, et un bras avec une griffe pour accueillir tout terminal de paiement. Compatible avec les syst\u00e8mes Windows et Android, cette borne KV238WD\/AD permet un acc\u00e8s facile aux composants gr\u00e2ce \u00e0 une trappe arri\u00e8re pour simplifier la maintenance.<\/span><\/p><p class=\"brz-tp-lg-paragraph brz-text-lg-justify brz-css-l3Bwy\" data-uniq-id=\"nfK96\" data-generated-css=\"brz-css-poj7L\">\u00a0<\/p><p class=\"brz-tp-lg-paragraph brz-text-lg-justify brz-css-yJBqK\" data-uniq-id=\"gmqE0\" data-generated-css=\"brz-css-tI43f\"><span class=\"brz-cp-color7\">Elle int\u00e8gre \u00e9galement une LED programmable \u00e0 la base, permettant de g\u00e9rer des indicateurs d\u2019\u00e9tat en fonction du logiciel de caisse, pour une exp\u00e9rience utilisateur intuitive et moderne.<\/span><\/p><\/div><\/div><\/div><\/div><\/div><div class=\"brz-columns brz-css-d-column-column brz-css-qt8zf1\" data-brz-custom-id=\"q4B82ufYFl7W\"><div class=\"brz-column__items brz-css-d-column-bg brz-css-18u906v\"><div id=\"\" class=\"brz-css-d-wrapper brz-css-qec65d brz-wrapper\"><div class=\"brz-image brz-css-d-image-aq7adntdxetq-parent brz-css-q4q6n0\" data-brz-custom-id=\"aQ7ADNtDxEtQ\"><picture class=\"brz-picture brz-d-block brz-p-relative brz-css-d-image-aq7adntdxetq-picture brz-css-63smz6\"><source srcset=\"https:\/\/frenchsystemes.fr\/wp-content\/uploads\/2024\/10\/Capture_d_ecran_2024-10-08_a_00.03.39-removebg-preview.png 1x, https:\/\/frenchsystemes.fr\/wp-content\/uploads\/2024\/10\/Capture_d_ecran_2024-10-08_a_00.03.39-removebg-preview.png 2x\" media=\"(min-width: 992px)\" \/><source srcset=\"https:\/\/frenchsystemes.fr\/wp-content\/uploads\/2024\/10\/Capture_d_ecran_2024-10-08_a_00.03.39-removebg-preview.png 1x, https:\/\/frenchsystemes.fr\/wp-content\/uploads\/2024\/10\/Capture_d_ecran_2024-10-08_a_00.03.39-removebg-preview.png 2x\" media=\"(min-width: 768px)\" \/><img decoding=\"async\" class=\"brz-img\" title=\"\" draggable=\"false\" src=\"https:\/\/frenchsystemes.fr\/wp-content\/uploads\/2024\/10\/Capture_d_ecran_2024-10-08_a_00.03.39-removebg-preview.png\" srcset=\"https:\/\/frenchsystemes.fr\/wp-content\/uploads\/2024\/10\/Capture_d_ecran_2024-10-08_a_00.03.39-removebg-preview.png 1x, https:\/\/frenchsystemes.fr\/wp-content\/uploads\/2024\/10\/Capture_d_ecran_2024-10-08_a_00.03.39-removebg-preview.png 2x\" alt=\"{{brizy_dc_image_alt imageSrc=\" \/><\/picture><\/div><\/div><\/div><\/div><\/div><\/div><\/div><\/div><\/section><section id=\"pxXR2h6REYBl_pxXR2h6REYBl\" class=\"brz-section brz-css-d-section brz-css-1bhzeh0\"><div class=\"brz-section__content brz-section--boxed brz-css-d-sectionitem-bg brz-css-1r1fp2x\" data-brz-custom-id=\"yp2CgxNk7Ykj\"><div class=\"brz-bg\"><div class=\"brz-bg-color\">\u00a0<\/div><\/div><div class=\"brz-container brz-css-d-sectionitem-container brz-css-cdctv4\"><div class=\"brz-row__container brz-css-d-row-row brz-css-1hpg257\" data-brz-custom-id=\"hAUtWyNki6ws\"><div class=\"brz-row brz-css-d-row-container brz-css-r-row-container brz-css-1m9jn6y\"><div class=\"brz-columns brz-css-d-column-column brz-css-4je6i0\" data-brz-custom-id=\"tQX4l4X2Lzde\"><div class=\"brz-column__items brz-css-d-column-bg brz-css-1euqau0\"><div class=\"brz-wrapper-clone brz-flex-xs-wrap brz-css-d-cloneable brz-css-jtofuy\" data-brz-custom-id=\"osyoFvjpugBp\"><a class=\"brz-a brz-btn brz-css-d-button brz-css-16tgnir brz-css-d-button-bg brz-css-v43mgq\" href=\"https:\/\/frenchsystemes.fr\/\" target=\"_self\" rel=\"noopener\" data-brz-link-type=\"page\" data-brz-custom-id=\"sVvIQhHLmnCv\"><span class=\"brz-span brz-text__editor\" data-brz-translate-text=\"1\">Nos services<\/span><\/a><a class=\"brz-a brz-btn brz-css-d-button brz-css-m5dfyc brz-css-d-button-bg brz-css-tmodpx\" href=\"https:\/\/frenchsystemes.fr\/?page_id=235\" target=\"_self\" rel=\"noopener\" data-brz-link-type=\"page\" data-brz-custom-id=\"yCIMsjxXdTZX\"><span class=\"brz-span brz-text__editor\" data-brz-translate-text=\"1\">Nos produits<\/span><\/a><a class=\"brz-a brz-btn brz-css-d-button brz-css-10ffi2k brz-css-d-button-bg brz-css-1yzq4oy\" target=\"_self\" rel=\"noopener\" data-brz-link-type=\"page\" data-brz-custom-id=\"otSIQ0P_7FVq\"><span class=\"brz-span brz-text__editor\" data-brz-translate-text=\"1\">\u00c0 propos<\/span><\/a><\/div><\/div><\/div><\/div><\/div><div id=\"\" class=\"brz-css-d-wrapper brz-css-jbbfh0 brz-wrapper\"><div class=\"brz-rich-text brz-rich-text__custom brz-css-d-richtext brz-css-1a2kmfs\" data-brz-custom-id=\"tH0GDdXZMobo\"><div data-brz-translate-text=\"1\"><p class=\"brz-text-lg-center brz-tp-lg-paragraph brz-css-aJXRE\" data-uniq-id=\"bSwcE\" data-generated-css=\"brz-css-hCGkO\"><span class=\"brz-cp-color2\" style=\"opacity: 0.6;\">French Syst\u00e8mes\u00a0\u00a0\u00a9 2023 <\/span><\/p><\/div><\/div><\/div><\/div><\/div><\/section><\/div><p><!-- version:1765553248 --><\/p>\t\t\t\t\t\t\t\t<\/div>\n\t\t\t\t<\/div>\n\t\t\t\t<\/div>\n\t\t\t\t<\/div>\n\t\t","protected":false},"excerpt":{"rendered":"<p>Borne K-215II La Borne de service KOB\u00c9 215 II de SAGA r\u00e9pond aux besoins actuels des restaurants, fast-foods, cha\u00eenes de magasins, et enseignes de loisirs qui souhaitent am\u00e9liorer la gestion de file d\u2019attente, offrir un paiement s\u00e9curis\u00e9, et favoriser l\u2019autonomie de leurs clients gr\u00e2ce au self-ordering. Cette borne de commande autonome est \u00e9quip\u00e9e d\u2019un \u00e9cran [&hellip;]<\/p>\n","protected":false},"author":1,"featured_media":0,"parent":0,"menu_order":0,"comment_status":"closed","ping_status":"closed","template":"elementor_header_footer","meta":{"footnotes":""},"class_list":["post-420","page","type-page","status-publish","hentry"],"brizy_media":[{"id":615,"url":"https:\/\/frenchsystemes.fr\/wp-content\/uploads\/2024\/10\/Capture_d_ecran_2024-10-07_a_23.59.32-removebg-preview.png","name":"Capture_d_ecran_2024-10-07_a_23.59.32-removebg-preview.png","meta":{"brizy_attachment_uid":"wp-491d75ecbdd313e14b378a6200ab31b4.png","brizy_post_uid":["ba4a4eac221d96a4ca2baeab53f4cc95"]}},{"id":618,"url":"https:\/\/frenchsystemes.fr\/wp-content\/uploads\/2024\/10\/Capture_d_ecran_2024-10-08_a_00.01.21-removebg-preview.png","name":"Capture_d_ecran_2024-10-08_a_00.01.21-removebg-preview.png","meta":{"brizy_attachment_uid":"wp-4a7fca908ac5c50883b18d8b6b24114f.png","brizy_post_uid":["ba4a4eac221d96a4ca2baeab53f4cc95"]}},{"id":621,"url":"https:\/\/frenchsystemes.fr\/wp-content\/uploads\/2024\/10\/Capture_d_ecran_2024-10-08_a_00.03.39-removebg-preview.png","name":"Capture_d_ecran_2024-10-08_a_00.03.39-removebg-preview.png","meta":{"brizy_attachment_uid":"wp-6abce75a1b92fdd1781a6243fff32927.png","brizy_post_uid":["ba4a4eac221d96a4ca2baeab53f4cc95"]}}],"_links":{"self":[{"href":"https:\/\/frenchsystemes.fr\/index.php?rest_route=\/wp\/v2\/pages\/420","targetHints":{"allow":["GET"]}}],"collection":[{"href":"https:\/\/frenchsystemes.fr\/index.php?rest_route=\/wp\/v2\/pages"}],"about":[{"href":"https:\/\/frenchsystemes.fr\/index.php?rest_route=\/wp\/v2\/types\/page"}],"author":[{"embeddable":true,"href":"https:\/\/frenchsystemes.fr\/index.php?rest_route=\/wp\/v2\/users\/1"}],"replies":[{"embeddable":true,"href":"https:\/\/frenchsystemes.fr\/index.php?rest_route=%2Fwp%2Fv2%2Fcomments&post=420"}],"version-history":[{"count":17,"href":"https:\/\/frenchsystemes.fr\/index.php?rest_route=\/wp\/v2\/pages\/420\/revisions"}],"predecessor-version":[{"id":856,"href":"https:\/\/frenchsystemes.fr\/index.php?rest_route=\/wp\/v2\/pages\/420\/revisions\/856"}],"wp:attachment":[{"href":"https:\/\/frenchsystemes.fr\/index.php?rest_route=%2Fwp%2Fv2%2Fmedia&parent=420"}],"curies":[{"name":"wp","href":"https:\/\/api.w.org\/{rel}","templated":true}]}}