{"id":295,"date":"2024-10-01T22:50:54","date_gmt":"2024-10-01T20:50:54","guid":{"rendered":"http:\/\/localhost:8888\/?page_id=295"},"modified":"2025-12-13T21:05:16","modified_gmt":"2025-12-13T20:05:16","slug":"a-propos","status":"publish","type":"page","link":"https:\/\/frenchsystemes.fr\/?page_id=295","title":{"rendered":"A propos"},"content":{"rendered":"\t\t<div data-elementor-type=\"wp-page\" data-elementor-id=\"295\" class=\"elementor elementor-295\" data-elementor-post-type=\"page\">\n\t\t\t\t<div class=\"elementor-element elementor-element-25281a8b e-con-full e-flex e-con e-parent\" data-id=\"25281a8b\" data-element_type=\"container\">\n\t\t\t\t<div class=\"elementor-element elementor-element-25a5143e elementor-widget elementor-widget-text-editor\" data-id=\"25a5143e\" data-element_type=\"widget\" data-widget_type=\"text-editor.default\">\n\t\t\t\t<div class=\"elementor-widget-container\">\n\t\t\t\t\t\t\t\t\t<div class=\"brz brz-root__container brz-reset-all brz-root__container-page\"><section id=\"kJhIyNfyq0At_kJhIyNfyq0At\" class=\"brz-section brz-css-d-section brz-css-18qxzrp\"><div class=\"brz-section__content brz-section--boxed brz-css-d-sectionitem-bg brz-css-opoijo\" data-brz-custom-id=\"u__TSdLUSvIS\"><div class=\"brz-bg\"><div class=\"brz-bg-color\"><\/div><\/div><div class=\"brz-container brz-css-d-sectionitem-container brz-css-1ktcg9b\"><div class=\"brz-row__container brz-css-d-row-row brz-css-z9ufhn\" data-brz-custom-id=\"oJ7RcSyWwYQi\"><div class=\"brz-row brz-css-d-row-container brz-css-r-row-container brz-css-1lceomb\"><div class=\"brz-columns brz-css-d-column-column brz-css-19js4us\" data-brz-custom-id=\"qJ5EHm21t8iw\"><div class=\"brz-column__items brz-css-d-column-bg brz-css-ok7va8\"><div id=\"\" class=\"brz-css-d-wrapper brz-css-w9fqrg brz-wrapper\"><div class=\"brz-rich-text brz-rich-text__custom brz-css-d-richtext brz-css-8dxc00\" data-brz-custom-id=\"zJ7I3juWVJ2X\"><div data-brz-translate-text=\"1\"><h2 class=\"brz-tp-lg-heading2 brz-css-du1s2\" data-uniq-id=\"fpJ1b\" data-generated-css=\"brz-css-sXxrZ\">French Syst\u00e8mes Distribution<\/h2><\/div><\/div><\/div><div id=\"\" class=\"brz-css-d-wrapper brz-css-phcihs brz-wrapper\"><div class=\"brz-rich-text brz-rich-text__custom brz-css-d-richtext brz-css-70h5hh\" data-brz-custom-id=\"vnPQ7V42eya4\"><div data-brz-translate-text=\"1\"><p class=\"brz-text-lg-justify brz-bcp-color7 brz-tp-lg-paragraph brz-css-pLxYB\" data-uniq-id=\"q6xq7\" data-generated-css=\"brz-css-mhGCZ\"><span class=\"brz-cp-color7\">Chez French Syst\u00e8mes, nous sommes sp\u00e9cialis\u00e9s dans la conception et la fabrication de solutions technologiques innovantes pour les professionnels de la restauration et de l&rsquo;accueil. Depuis nos d\u00e9buts, nous accompagnons restaurants, cin\u00e9mas, bars, et autres \u00e9tablissements \u00e0 travers toute la France, en leur fournissant des caisses enregistreuses automatiques et des bornes de commande tactiles performantes et faciles \u00e0 utiliser.<\/span><\/p><p class=\"brz-tp-lg-paragraph brz-css-k6Wnz\" data-uniq-id=\"vRsLh\" data-generated-css=\"brz-css-othz4\"><span class=\"brz-cp-color7\"> <\/span><\/p><p class=\"brz-mb-lg-4 brz-mt-lg-0 brz-text-lg-justify brz-tp-lg-paragraph brz-css-i3q6p\" data-uniq-id=\"qGzhJ\" data-generated-css=\"brz-css-gSseE\"><span class=\"brz-cp-color7\">Notre mission est d\u2019offrir des \u00e9quipements de haute qualit\u00e9, adapt\u00e9s aux besoins sp\u00e9cifiques de chaque client, afin de simplifier les processus de commande et de gestion. Notre \u00e9quipe d&rsquo;experts se d\u00e9place dans toute la France pour installer nos solutions sur site, assurer leur bon fonctionnement et vous proposer des devis personnalis\u00e9s.<\/span><\/p><p class=\"brz-tp-lg-paragraph brz-css-gB4Vw\" data-uniq-id=\"vhfnj\" data-generated-css=\"brz-css-x4Yz7\"><span class=\"brz-cp-color7\"> <\/span><\/p><p class=\"brz-text-lg-justify brz-tp-lg-paragraph brz-css-nUScc\" data-uniq-id=\"sXB2A\" data-generated-css=\"brz-css-r8Ius\"><span class=\"brz-cp-color7\">French Syst\u00e8mes, c\u2019est l\u2019alliance de l\u2019innovation et du savoir-faire au service de votre r\u00e9ussite !<\/span><\/p><p class=\"brz-text-lg-justify brz-tp-lg-paragraph brz-css-pPus3\" data-uniq-id=\"sXB2A\" data-generated-css=\"brz-css-r8Ius\"><span class=\"brz-cp-color7\"> <\/span><\/p><\/div><\/div><\/div><div id=\"\" class=\"brz-css-d-wrapper brz-css-7wuf6g brz-wrapper\"><div class=\"brz-line brz-line-default brz-css-d-line brz-css-ror8s4\" data-brz-custom-id=\"uCd9V2j8V_6j\"><hr class=\"brz-hr\"><\/div><\/div><div class=\"brz-row__container brz-css-d-row-row brz-css-go4ttd\" data-brz-custom-id=\"fe5kaTmImYO6\"><div class=\"brz-row brz-row--inner brz-css-d-row-container brz-css-r-row-container brz-css-1fr6kgo\"><div class=\"brz-columns brz-css-d-column-column brz-css-1nsklsu\" data-brz-custom-id=\"rhcapyZnrhcr\"><div class=\"brz-column__items brz-css-d-column-bg brz-css-w4conh\"><div id=\"\" class=\"brz-css-d-wrapper brz-css-hsp7hd brz-wrapper\"><div class=\"brz-rich-text brz-rich-text__custom brz-css-d-richtext brz-css-cpqpe5\" data-brz-custom-id=\"xnblEX6U0Fsv\"><div data-brz-translate-text=\"1\"><h4 class=\"brz-tp-lg-heading5 brz-css-wtYzO\" data-uniq-id=\"ziBIL\" data-generated-css=\"brz-css-uAiOD\"><span class=\"brz-cp-color2\">Adresse<\/span><\/h4><\/div><\/div><\/div><div id=\"\" class=\"brz-css-d-wrapper brz-css-k9mk7l brz-wrapper\"><div class=\"brz-rich-text brz-rich-text__custom brz-css-d-richtext brz-css-15u288t\" data-brz-custom-id=\"q7vEgL5Ekf1g\"><div data-brz-translate-text=\"1\"><p class=\"brz-tp-lg-paragraph brz-css-fBZlF\" data-uniq-id=\"klwnB\" data-generated-css=\"brz-css-wJCeS\"><br><\/p><\/div><\/div><\/div><\/div><\/div><div class=\"brz-columns brz-css-d-column-column brz-css-16wrjcn\" data-brz-custom-id=\"rUrv_dx1As0l\"><div class=\"brz-column__items brz-css-d-column-bg brz-css-1pc1kb2\"><div id=\"\" class=\"brz-css-d-wrapper brz-css-1tuchrz brz-wrapper\"><div class=\"brz-rich-text brz-rich-text__custom brz-css-d-richtext brz-css-zjekk1\" data-brz-custom-id=\"iUwUHWdPjaTW\"><div data-brz-translate-text=\"1\"><h4 class=\"brz-tp-heading5 brz-css-jSCLE\"><span class=\"brz-cp-color2\">Email<\/span><\/h4><\/div><\/div><\/div><div id=\"\" class=\"brz-css-d-wrapper brz-css-1jlre5f brz-wrapper\"><div class=\"brz-rich-text brz-rich-text__custom brz-css-d-richtext brz-css-1i0tfss\" data-brz-custom-id=\"bbhd5jDrRGVn\"><div data-brz-translate-text=\"1\"><p class=\"brz-tp-lg-paragraph brz-text-lg-left brz-css-jGaCH\" data-generated-css=\"brz-css-u1wZq\" data-uniq-id=\"mPjpz\">fr.systemes<span class=\"brz-pre-population-visible\">@gmail.com<\/span><\/p><\/div><\/div><\/div><\/div><\/div><div class=\"brz-columns brz-css-d-column-column brz-css-l8mwov\" data-brz-custom-id=\"wAluQAOjljQv\"><div class=\"brz-column__items brz-css-d-column-bg brz-css-xqr4up\"><div id=\"\" class=\"brz-css-d-wrapper brz-css-z3chom brz-wrapper\"><div class=\"brz-rich-text brz-rich-text__custom brz-css-d-richtext brz-css-173ntiw\" data-brz-custom-id=\"iAKIQ_sENj9M\"><div data-brz-translate-text=\"1\"><h4 class=\"brz-tp-lg-heading4 brz-mt-lg-0 brz-mb-lg-0 brz-css-lxvuc\" data-generated-css=\"brz-css-eEr_n\" data-uniq-id=\"vN2vl\"><span class=\"brz-cp-color2\">T\u00e9l\u00e9phone<\/span> <\/h4><\/div><\/div><\/div><div id=\"\" class=\"brz-css-d-wrapper brz-css-1dtognh brz-wrapper\"><div class=\"brz-rich-text brz-rich-text__custom brz-css-d-richtext brz-css-1olqlyj\" data-brz-custom-id=\"u78EtqNXC2S1\"><div data-brz-translate-text=\"1\"><p class=\"brz-mt-lg-0 brz-tp-lg-paragraph brz-css-xIUMP\" data-generated-css=\"brz-css-z3A4W\" data-uniq-id=\"o69To\"><a class=\"link--external\" href=\"https:\/\/wa.me\/33637568501?text=Bonjour,%20je%20suis%20int\u00e9ress\u00e9%20par%20vos%20services.\" data-brz-link-type=\"external\">06.37.56.85.01<\/a><\/p><\/div><\/div><\/div><\/div><\/div><\/div><\/div><\/div><\/div><\/div><\/div><\/div><\/div><\/section>\n    \n<section id=\"cq28_GaXVyDD_cq28_GaXVyDD\" class=\"brz-section brz-css-d-section brz-css-mrevn9\"><div class=\"brz-section__content brz-section--boxed brz-css-d-sectionitem-bg brz-css-2ar048\" data-brz-custom-id=\"gcPsv9FB1dhl\"><div class=\"brz-bg\"><div class=\"brz-bg-color\"><\/div><\/div><div class=\"brz-container brz-css-d-sectionitem-container brz-css-1ftew9y\"><div class=\"brz-row__container brz-css-d-row-row brz-css-4j9ub7\" data-brz-custom-id=\"rTskU2WtUlan\"><div class=\"brz-row brz-css-d-row-container brz-css-r-row-container brz-css-b5kmuv\"><div class=\"brz-columns brz-css-d-column-column brz-css-1vm9zbd\" data-brz-custom-id=\"cnskDkyTj8Vz\"><div class=\"brz-column__items brz-css-d-column-bg brz-css-7ugauf\"><div class=\"brz-wrapper-clone brz-flex-xs-wrap brz-css-d-cloneable brz-css-3ps2dc\" data-brz-custom-id=\"f6QsgjoBmE9y\"><a class=\"brz-a brz-btn brz-css-d-button brz-css-r1xyep brz-css-d-button-bg brz-css-1hhjjpe\" target=\"_self\" rel=\"noopener\" href=\"https:\/\/frenchsystemes.fr\/\" data-brz-link-type=\"page\" data-brz-custom-id=\"rOUE38endWpa\"><span data-brz-translate-text=\"1\" class=\"brz-span brz-text__editor\">Nos services<\/span><\/a><a class=\"brz-a brz-btn brz-css-d-button brz-css-191n62o brz-css-d-button-bg brz-css-orjbnd\" target=\"_self\" rel=\"noopener\" href=\"https:\/\/frenchsystemes.fr\/?page_id=235\" data-brz-link-type=\"page\" data-brz-custom-id=\"uAUPLWw15FrW\"><span data-brz-translate-text=\"1\" class=\"brz-span brz-text__editor\">Nos produits<\/span><\/a><a class=\"brz-a brz-btn brz-css-d-button brz-css-i8qmtw brz-css-d-button-bg brz-css-cq9bkh\" target=\"_self\" rel=\"noopener\" data-brz-link-type=\"page\" data-brz-custom-id=\"ebk83CaGgFZ3\"><span data-brz-translate-text=\"1\" class=\"brz-span brz-text__editor\">\u00c0 propos<\/span><\/a><\/div><\/div><\/div><\/div><\/div><div id=\"\" class=\"brz-css-d-wrapper brz-css-1d3dt0g brz-wrapper\"><div class=\"brz-rich-text brz-rich-text__custom brz-css-d-richtext brz-css-7p8ym2\" data-brz-custom-id=\"nrflYrrCNkEw\"><div data-brz-translate-text=\"1\"><p class=\"brz-text-lg-center brz-tp-lg-paragraph brz-css-aemOP\" data-uniq-id=\"bSwcE\" data-generated-css=\"brz-css-hCGkO\"><span style=\"opacity: 0.6\" class=\"brz-cp-color2\">French Syst\u00e8mes&nbsp;&nbsp;\u00a9 2023 <\/span><\/p><\/div><\/div><\/div><\/div><\/div><\/section>\n    <\/div><!-- version:1765650244 -->\t\t\t\t\t\t\t\t<\/div>\n\t\t\t\t<\/div>\n\t\t\t\t<\/div>\n\t\t\t\t<\/div>\n\t\t","protected":false},"excerpt":{"rendered":"<p>French Syst\u00e8mes Distribution Chez French Syst\u00e8mes, nous sommes sp\u00e9cialis\u00e9s dans la conception et la fabrication de solutions technologiques innovantes pour les professionnels de la restauration et de l&rsquo;accueil. Depuis nos d\u00e9buts, nous accompagnons restaurants, cin\u00e9mas, bars, et autres \u00e9tablissements \u00e0 travers toute la France, en leur fournissant des caisses enregistreuses automatiques et des bornes de [&hellip;]<\/p>\n","protected":false},"author":1,"featured_media":0,"parent":0,"menu_order":0,"comment_status":"closed","ping_status":"closed","template":"elementor_header_footer","meta":{"footnotes":""},"class_list":["post-295","page","type-page","status-publish","hentry"],"brizy_media":[],"_links":{"self":[{"href":"https:\/\/frenchsystemes.fr\/index.php?rest_route=\/wp\/v2\/pages\/295","targetHints":{"allow":["GET"]}}],"collection":[{"href":"https:\/\/frenchsystemes.fr\/index.php?rest_route=\/wp\/v2\/pages"}],"about":[{"href":"https:\/\/frenchsystemes.fr\/index.php?rest_route=\/wp\/v2\/types\/page"}],"author":[{"embeddable":true,"href":"https:\/\/frenchsystemes.fr\/index.php?rest_route=\/wp\/v2\/users\/1"}],"replies":[{"embeddable":true,"href":"https:\/\/frenchsystemes.fr\/index.php?rest_route=%2Fwp%2Fv2%2Fcomments&post=295"}],"version-history":[{"count":29,"href":"https:\/\/frenchsystemes.fr\/index.php?rest_route=\/wp\/v2\/pages\/295\/revisions"}],"predecessor-version":[{"id":849,"href":"https:\/\/frenchsystemes.fr\/index.php?rest_route=\/wp\/v2\/pages\/295\/revisions\/849"}],"wp:attachment":[{"href":"https:\/\/frenchsystemes.fr\/index.php?rest_route=%2Fwp%2Fv2%2Fmedia&parent=295"}],"curies":[{"name":"wp","href":"https:\/\/api.w.org\/{rel}","templated":true}]}}